{"id":1843,"date":"2020-01-17T15:28:09","date_gmt":"2020-01-17T14:28:09","guid":{"rendered":"https:\/\/austriandrumheadcompany.at\/su-di-me\/"},"modified":"2024-12-21T16:10:24","modified_gmt":"2024-12-21T15:10:24","slug":"su-di-me","status":"publish","type":"page","link":"https:\/\/austriandrumheadcompany.at\/it\/su-di-me\/","title":{"rendered":"Su di me"},"content":{"rendered":"\t\t<div data-elementor-type=\"wp-page\" data-elementor-id=\"1843\" class=\"elementor elementor-1843 elementor-91\" data-elementor-post-type=\"page\">\n\t\t\t\t\t\t<section class=\"elementor-section elementor-top-section elementor-element elementor-element-95dfe33 elementor-section-boxed elementor-section-height-default elementor-section-height-default\" data-id=\"95dfe33\" data-element_type=\"section\" data-e-type=\"section\">\n\t\t\t\t\t\t<div class=\"elementor-container elementor-column-gap-default\">\n\t\t\t\t\t<div class=\"elementor-column elementor-col-50 elementor-top-column elementor-element elementor-element-a926e3d\" data-id=\"a926e3d\" data-element_type=\"column\" data-e-type=\"column\">\n\t\t\t<div class=\"elementor-widget-wrap elementor-element-populated\">\n\t\t\t\t\t\t<div class=\"elementor-element elementor-element-b052411 elementor-widget elementor-widget-heading\" data-id=\"b052411\" data-element_type=\"widget\" data-e-type=\"widget\" data-widget_type=\"heading.default\">\n\t\t\t\t<div class=\"elementor-widget-container\">\n\t\t\t\t\t<h1 class=\"elementor-heading-title elementor-size-default\">Su di me<\/h1>\t\t\t\t<\/div>\n\t\t\t\t<\/div>\n\t\t\t\t<div class=\"elementor-element elementor-element-cebed55 elementor-widget elementor-widget-text-editor\" data-id=\"cebed55\" data-element_type=\"widget\" data-e-type=\"widget\" data-widget_type=\"text-editor.default\">\n\t\t\t\t<div class=\"elementor-widget-container\">\n\t\t\t\t\t\t\t\t\t<p><span style=\"vertical-align: inherit;\"><span style=\"vertical-align: inherit;\">Dietro l&#8217;Austrian Drumhead Company c&#8217;\u00e8 una sola persona:<\/span><\/span><\/p>\n<p><span style=\"vertical-align: inherit;\"><span style=\"vertical-align: inherit;\">Hans-Peter (HP) Kirbisser<\/span><\/span><b> <\/b><span style=\"vertical-align: inherit;\"><span style=\"vertical-align: inherit;\">\u00e8 nato il 6 gennaio 1989 a Feldbach ed \u00e8 cresciuto nel cuore della regione vulcanica della Stiria in una famiglia molto musicale.  <\/span><span style=\"vertical-align: inherit;\">Dopo i primi passi nella scuola di musica locale, \u00e8 stato chiaro fin da subito che anche la sua vita sarebbe stata plasmata dalla musica.  <\/span><span style=\"vertical-align: inherit;\">All&#8217;et\u00e0 di 14 anni, Hans-Peter ha iniziato il corso di preparazione per le percussioni classiche presso l&#8217;Universit\u00e0 di Musica e Arti dello Spettacolo di Graz, contemporaneamente al liceo musicale di Obersch\u00fctzen, e all&#8217;et\u00e0 di 17 anni ha iniziato a studiare con Martin Kerschbaum.  <\/span><span style=\"vertical-align: inherit;\">Dopo il diploma in IGP (pedagogia strumentale e vocale) e in percussioni nel 2011, il suo percorso lo ha portato all&#8217;Universit\u00e0 privata Anton Bruckner di Linz,  <\/span><span style=\"vertical-align: inherit;\">dove si \u00e8 laureato con lode all&#8217;Institute for Jazz and Improvised Music con Jeff Boudreaux e Herbert Pirker nell&#8217;autunno 2015.  <\/span><span style=\"vertical-align: inherit;\">Dal 2017 al 2019, Hans-Peter ha completato il master in batteria\/percussioni di musica popolare presso l&#8217;Universit\u00e0 di Musica e Arti dello Spettacolo di Vienna con Mario Lackner e nel 2019 ha ricevuto il premio onorario dall&#8217;Universit\u00e0 di Musica e Arti dello Spettacolo di Vienna per i risultati eccezionali.  <\/span><span style=\"vertical-align: inherit;\">Dall&#8217;autunno 2019 alla primavera 2020, Hans-Peter ha trascorso un periodo all&#8217;estero a Los Angeles (CA), dove ha lavorato con rinomati musicisti della scena musicale americana.  <\/span><span style=\"vertical-align: inherit;\"><br \/><\/span><\/span><\/p>\n<p>Volete saperne di pi\u00f9 su di me?<\/p>\n<p>VISITA &#8211; <a href=\"https:\/\/hpkirbisser.at\">https:\/\/hpkirbisser.at<\/a><\/p>\n\t\t\t\t\t\t\t\t<\/div>\n\t\t\t\t<\/div>\n\t\t\t\t\t<\/div>\n\t\t<\/div>\n\t\t\t\t<div class=\"elementor-column elementor-col-50 elementor-top-column elementor-element elementor-element-46c5b2b\" data-id=\"46c5b2b\" data-element_type=\"column\" data-e-type=\"column\">\n\t\t\t<div class=\"elementor-widget-wrap elementor-element-populated\">\n\t\t\t\t\t\t<div class=\"elementor-element elementor-element-98ec558 elementor-widget elementor-widget-image\" data-id=\"98ec558\" data-element_type=\"widget\" data-e-type=\"widget\" data-widget_type=\"image.default\">\n\t\t\t\t<div class=\"elementor-widget-container\">\n\t\t\t\t\t\t\t\t\t\t\t\t\t\t\t<img fetchpriority=\"high\" decoding=\"async\" width=\"683\" height=\"1024\" src=\"https:\/\/austriandrumheadcompany.at\/wp-content\/uploads\/2021\/05\/Exp-1-22-683x1024.jpg\" class=\"attachment-large size-large wp-image-1456\" alt=\"\" srcset=\"https:\/\/austriandrumheadcompany.at\/wp-content\/uploads\/2021\/05\/Exp-1-22-683x1024.jpg 683w, https:\/\/austriandrumheadcompany.at\/wp-content\/uploads\/2021\/05\/Exp-1-22-scaled-600x900.jpg 600w, https:\/\/austriandrumheadcompany.at\/wp-content\/uploads\/2021\/05\/Exp-1-22-200x300.jpg 200w, https:\/\/austriandrumheadcompany.at\/wp-content\/uploads\/2021\/05\/Exp-1-22-768x1152.jpg 768w, https:\/\/austriandrumheadcompany.at\/wp-content\/uploads\/2021\/05\/Exp-1-22-1024x1536.jpg 1024w, https:\/\/austriandrumheadcompany.at\/wp-content\/uploads\/2021\/05\/Exp-1-22-1366x2048.jpg 1366w, https:\/\/austriandrumheadcompany.at\/wp-content\/uploads\/2021\/05\/Exp-1-22-scaled.jpg 1707w\" sizes=\"(max-width: 683px) 100vw, 683px\" \/>\t\t\t\t\t\t\t\t\t\t\t\t\t\t\t<\/div>\n\t\t\t\t<\/div>\n\t\t\t\t\t<\/div>\n\t\t<\/div>\n\t\t\t\t\t<\/div>\n\t\t<\/section>\n\t\t\t\t<\/div>\n\t\t","protected":false},"excerpt":{"rendered":"<p>Su di me Dietro l&#8217;Austrian Drumhead Company c&#8217;\u00e8 una sola persona: Hans-Peter (HP) Kirbisser \u00e8 nato il 6 gennaio 1989 a Feldbach ed \u00e8 cresciuto nel cuore della regione vulcanica della Stiria in una famiglia molto musicale. Dopo i primi passi nella scuola di musica locale, \u00e8 stato chiaro fin da subito che anche la [&hellip;]<\/p>\n","protected":false},"author":1,"featured_media":0,"parent":0,"menu_order":0,"comment_status":"closed","ping_status":"closed","template":"elementor_header_footer","meta":{"ocean_post_layout":"","ocean_both_sidebars_style":"","ocean_both_sidebars_content_width":0,"ocean_both_sidebars_sidebars_width":0,"ocean_sidebar":"0","ocean_second_sidebar":"0","ocean_disable_margins":"enable","ocean_add_body_class":"","ocean_shortcode_before_top_bar":"","ocean_shortcode_after_top_bar":"","ocean_shortcode_before_header":"","ocean_shortcode_after_header":"","ocean_has_shortcode":"","ocean_shortcode_after_title":"","ocean_shortcode_before_footer_widgets":"","ocean_shortcode_after_footer_widgets":"","ocean_shortcode_before_footer_bottom":"","ocean_shortcode_after_footer_bottom":"","ocean_display_top_bar":"default","ocean_display_header":"default","ocean_header_style":"","ocean_center_header_left_menu":"0","ocean_custom_header_template":"0","ocean_custom_logo":0,"ocean_custom_retina_logo":0,"ocean_custom_logo_max_width":0,"ocean_custom_logo_tablet_max_width":0,"ocean_custom_logo_mobile_max_width":0,"ocean_custom_logo_max_height":0,"ocean_custom_logo_tablet_max_height":0,"ocean_custom_logo_mobile_max_height":0,"ocean_header_custom_menu":"0","ocean_menu_typo_font_family":"0","ocean_menu_typo_font_subset":"","ocean_menu_typo_font_size":0,"ocean_menu_typo_font_size_tablet":0,"ocean_menu_typo_font_size_mobile":0,"ocean_menu_typo_font_size_unit":"px","ocean_menu_typo_font_weight":"","ocean_menu_typo_font_weight_tablet":"","ocean_menu_typo_font_weight_mobile":"","ocean_menu_typo_transform":"","ocean_menu_typo_transform_tablet":"","ocean_menu_typo_transform_mobile":"","ocean_menu_typo_line_height":0,"ocean_menu_typo_line_height_tablet":0,"ocean_menu_typo_line_height_mobile":0,"ocean_menu_typo_line_height_unit":"","ocean_menu_typo_spacing":0,"ocean_menu_typo_spacing_tablet":0,"ocean_menu_typo_spacing_mobile":0,"ocean_menu_typo_spacing_unit":"","ocean_menu_link_color":"","ocean_menu_link_color_hover":"","ocean_menu_link_color_active":"","ocean_menu_link_background":"","ocean_menu_link_hover_background":"","ocean_menu_link_active_background":"","ocean_menu_social_links_bg":"","ocean_menu_social_hover_links_bg":"","ocean_menu_social_links_color":"","ocean_menu_social_hover_links_color":"","ocean_disable_title":"default","ocean_disable_heading":"default","ocean_post_title":"","ocean_post_subheading":"","ocean_post_title_style":"","ocean_post_title_background_color":"","ocean_post_title_background":0,"ocean_post_title_bg_image_position":"","ocean_post_title_bg_image_attachment":"","ocean_post_title_bg_image_repeat":"","ocean_post_title_bg_image_size":"","ocean_post_title_height":0,"ocean_post_title_bg_overlay":0.5,"ocean_post_title_bg_overlay_color":"","ocean_disable_breadcrumbs":"default","ocean_breadcrumbs_color":"","ocean_breadcrumbs_separator_color":"","ocean_breadcrumbs_links_color":"","ocean_breadcrumbs_links_hover_color":"","ocean_display_footer_widgets":"default","ocean_display_footer_bottom":"default","ocean_custom_footer_template":"0","footnotes":""},"class_list":["post-1843","page","type-page","status-publish","hentry","entry","owp-thumbs-layout-horizontal","owp-btn-normal","owp-tabs-layout-horizontal","has-no-thumbnails","has-product-nav"],"yoast_head":"<!-- This site is optimized with the Yoast SEO plugin v27.3 - https:\/\/yoast.com\/product\/yoast-seo-wordpress\/ -->\n<title>Su di me | Austrian Drumhead Company<\/title>\n<meta name=\"description\" content=\"Volete saperne di pi\u00f9 su di me? Visitate https:\/\/hpkirbisser.at\" \/>\n<meta name=\"robots\" content=\"index, follow, max-snippet:-1, max-image-preview:large, max-video-preview:-1\" \/>\n<link rel=\"canonical\" href=\"https:\/\/austriandrumheadcompany.at\/it\/su-di-me\/\" \/>\n<meta property=\"og:locale\" content=\"it_IT\" \/>\n<meta property=\"og:type\" content=\"article\" \/>\n<meta property=\"og:title\" content=\"Su di me | Austrian Drumhead Company\" \/>\n<meta property=\"og:description\" content=\"Volete saperne di pi\u00f9 su di me? Visitate https:\/\/hpkirbisser.at\" \/>\n<meta property=\"og:url\" content=\"https:\/\/austriandrumheadcompany.at\/it\/su-di-me\/\" \/>\n<meta property=\"og:site_name\" content=\"Austrian Drumhead Company\" \/>\n<meta property=\"article:publisher\" content=\"https:\/\/www.facebook.com\/austriandrumheadcompany\/\" \/>\n<meta property=\"article:modified_time\" content=\"2024-12-21T15:10:24+00:00\" \/>\n<meta property=\"og:image\" content=\"https:\/\/austriandrumheadcompany.at\/wp-content\/uploads\/2021\/05\/Exp-1-22-683x1024.jpg\" \/>\n<meta name=\"twitter:card\" content=\"summary_large_image\" \/>\n<meta name=\"twitter:label1\" content=\"Tempo di lettura stimato\" \/>\n\t<meta name=\"twitter:data1\" content=\"1 minuto\" \/>\n<script type=\"application\/ld+json\" class=\"yoast-schema-graph\">{\"@context\":\"https:\\\/\\\/schema.org\",\"@graph\":[{\"@type\":\"WebPage\",\"@id\":\"https:\\\/\\\/austriandrumheadcompany.at\\\/it\\\/su-di-me\\\/\",\"url\":\"https:\\\/\\\/austriandrumheadcompany.at\\\/it\\\/su-di-me\\\/\",\"name\":\"Su di me | Austrian Drumhead Company\",\"isPartOf\":{\"@id\":\"https:\\\/\\\/austriandrumheadcompany.at\\\/it\\\/#website\"},\"primaryImageOfPage\":{\"@id\":\"https:\\\/\\\/austriandrumheadcompany.at\\\/it\\\/su-di-me\\\/#primaryimage\"},\"image\":{\"@id\":\"https:\\\/\\\/austriandrumheadcompany.at\\\/it\\\/su-di-me\\\/#primaryimage\"},\"thumbnailUrl\":\"https:\\\/\\\/austriandrumheadcompany.at\\\/wp-content\\\/uploads\\\/2021\\\/05\\\/Exp-1-22-683x1024.jpg\",\"datePublished\":\"2020-01-17T14:28:09+00:00\",\"dateModified\":\"2024-12-21T15:10:24+00:00\",\"description\":\"Volete saperne di pi\u00f9 su di me? Visitate https:\\\/\\\/hpkirbisser.at\",\"breadcrumb\":{\"@id\":\"https:\\\/\\\/austriandrumheadcompany.at\\\/it\\\/su-di-me\\\/#breadcrumb\"},\"inLanguage\":\"it-IT\",\"potentialAction\":[{\"@type\":\"ReadAction\",\"target\":[\"https:\\\/\\\/austriandrumheadcompany.at\\\/it\\\/su-di-me\\\/\"]}]},{\"@type\":\"ImageObject\",\"inLanguage\":\"it-IT\",\"@id\":\"https:\\\/\\\/austriandrumheadcompany.at\\\/it\\\/su-di-me\\\/#primaryimage\",\"url\":\"https:\\\/\\\/austriandrumheadcompany.at\\\/wp-content\\\/uploads\\\/2021\\\/05\\\/Exp-1-22-683x1024.jpg\",\"contentUrl\":\"https:\\\/\\\/austriandrumheadcompany.at\\\/wp-content\\\/uploads\\\/2021\\\/05\\\/Exp-1-22-683x1024.jpg\"},{\"@type\":\"BreadcrumbList\",\"@id\":\"https:\\\/\\\/austriandrumheadcompany.at\\\/it\\\/su-di-me\\\/#breadcrumb\",\"itemListElement\":[{\"@type\":\"ListItem\",\"position\":1,\"name\":\"Startseite\",\"item\":\"https:\\\/\\\/austriandrumheadcompany.at\\\/it\\\/informazioni-sullazienda-austriaca-di-tamburi\\\/\"},{\"@type\":\"ListItem\",\"position\":2,\"name\":\"Su di me\"}]},{\"@type\":\"WebSite\",\"@id\":\"https:\\\/\\\/austriandrumheadcompany.at\\\/it\\\/#website\",\"url\":\"https:\\\/\\\/austriandrumheadcompany.at\\\/it\\\/\",\"name\":\"Austrian Drumhead Company\",\"description\":\"UPGRADE YOUR SOUND!\",\"publisher\":{\"@id\":\"https:\\\/\\\/austriandrumheadcompany.at\\\/it\\\/#organization\"},\"potentialAction\":[{\"@type\":\"SearchAction\",\"target\":{\"@type\":\"EntryPoint\",\"urlTemplate\":\"https:\\\/\\\/austriandrumheadcompany.at\\\/it\\\/?s={search_term_string}\"},\"query-input\":{\"@type\":\"PropertyValueSpecification\",\"valueRequired\":true,\"valueName\":\"search_term_string\"}}],\"inLanguage\":\"it-IT\"},{\"@type\":\"Organization\",\"@id\":\"https:\\\/\\\/austriandrumheadcompany.at\\\/it\\\/#organization\",\"name\":\"Austrian Drumhead Company\",\"url\":\"https:\\\/\\\/austriandrumheadcompany.at\\\/it\\\/\",\"logo\":{\"@type\":\"ImageObject\",\"inLanguage\":\"it-IT\",\"@id\":\"https:\\\/\\\/austriandrumheadcompany.at\\\/it\\\/#\\\/schema\\\/logo\\\/image\\\/\",\"url\":\"https:\\\/\\\/austriandrumheadcompany.at\\\/wp-content\\\/uploads\\\/2021\\\/07\\\/cropped-Austrian-Drumhead-Company-e1660602877717.png\",\"contentUrl\":\"https:\\\/\\\/austriandrumheadcompany.at\\\/wp-content\\\/uploads\\\/2021\\\/07\\\/cropped-Austrian-Drumhead-Company-e1660602877717.png\",\"width\":6764,\"height\":4830,\"caption\":\"Austrian Drumhead Company\"},\"image\":{\"@id\":\"https:\\\/\\\/austriandrumheadcompany.at\\\/it\\\/#\\\/schema\\\/logo\\\/image\\\/\"},\"sameAs\":[\"https:\\\/\\\/www.facebook.com\\\/austriandrumheadcompany\\\/\",\"https:\\\/\\\/www.instagram.com\\\/austrian_drumhead_company\\\/\",\"https:\\\/\\\/www.linkedin.com\\\/in\\\/austrian-drumhead-company-5095662b5\\\/\"]}]}<\/script>\n<!-- \/ Yoast SEO plugin. -->","yoast_head_json":{"title":"Su di me | Austrian Drumhead Company","description":"Volete saperne di pi\u00f9 su di me? Visitate https:\/\/hpkirbisser.at","robots":{"index":"index","follow":"follow","max-snippet":"max-snippet:-1","max-image-preview":"max-image-preview:large","max-video-preview":"max-video-preview:-1"},"canonical":"https:\/\/austriandrumheadcompany.at\/it\/su-di-me\/","og_locale":"it_IT","og_type":"article","og_title":"Su di me | Austrian Drumhead Company","og_description":"Volete saperne di pi\u00f9 su di me? Visitate https:\/\/hpkirbisser.at","og_url":"https:\/\/austriandrumheadcompany.at\/it\/su-di-me\/","og_site_name":"Austrian Drumhead Company","article_publisher":"https:\/\/www.facebook.com\/austriandrumheadcompany\/","article_modified_time":"2024-12-21T15:10:24+00:00","og_image":[{"url":"https:\/\/austriandrumheadcompany.at\/wp-content\/uploads\/2021\/05\/Exp-1-22-683x1024.jpg","type":"","width":"","height":""}],"twitter_card":"summary_large_image","twitter_misc":{"Tempo di lettura stimato":"1 minuto"},"schema":{"@context":"https:\/\/schema.org","@graph":[{"@type":"WebPage","@id":"https:\/\/austriandrumheadcompany.at\/it\/su-di-me\/","url":"https:\/\/austriandrumheadcompany.at\/it\/su-di-me\/","name":"Su di me | Austrian Drumhead Company","isPartOf":{"@id":"https:\/\/austriandrumheadcompany.at\/it\/#website"},"primaryImageOfPage":{"@id":"https:\/\/austriandrumheadcompany.at\/it\/su-di-me\/#primaryimage"},"image":{"@id":"https:\/\/austriandrumheadcompany.at\/it\/su-di-me\/#primaryimage"},"thumbnailUrl":"https:\/\/austriandrumheadcompany.at\/wp-content\/uploads\/2021\/05\/Exp-1-22-683x1024.jpg","datePublished":"2020-01-17T14:28:09+00:00","dateModified":"2024-12-21T15:10:24+00:00","description":"Volete saperne di pi\u00f9 su di me? Visitate https:\/\/hpkirbisser.at","breadcrumb":{"@id":"https:\/\/austriandrumheadcompany.at\/it\/su-di-me\/#breadcrumb"},"inLanguage":"it-IT","potentialAction":[{"@type":"ReadAction","target":["https:\/\/austriandrumheadcompany.at\/it\/su-di-me\/"]}]},{"@type":"ImageObject","inLanguage":"it-IT","@id":"https:\/\/austriandrumheadcompany.at\/it\/su-di-me\/#primaryimage","url":"https:\/\/austriandrumheadcompany.at\/wp-content\/uploads\/2021\/05\/Exp-1-22-683x1024.jpg","contentUrl":"https:\/\/austriandrumheadcompany.at\/wp-content\/uploads\/2021\/05\/Exp-1-22-683x1024.jpg"},{"@type":"BreadcrumbList","@id":"https:\/\/austriandrumheadcompany.at\/it\/su-di-me\/#breadcrumb","itemListElement":[{"@type":"ListItem","position":1,"name":"Startseite","item":"https:\/\/austriandrumheadcompany.at\/it\/informazioni-sullazienda-austriaca-di-tamburi\/"},{"@type":"ListItem","position":2,"name":"Su di me"}]},{"@type":"WebSite","@id":"https:\/\/austriandrumheadcompany.at\/it\/#website","url":"https:\/\/austriandrumheadcompany.at\/it\/","name":"Austrian Drumhead Company","description":"UPGRADE YOUR SOUND!","publisher":{"@id":"https:\/\/austriandrumheadcompany.at\/it\/#organization"},"potentialAction":[{"@type":"SearchAction","target":{"@type":"EntryPoint","urlTemplate":"https:\/\/austriandrumheadcompany.at\/it\/?s={search_term_string}"},"query-input":{"@type":"PropertyValueSpecification","valueRequired":true,"valueName":"search_term_string"}}],"inLanguage":"it-IT"},{"@type":"Organization","@id":"https:\/\/austriandrumheadcompany.at\/it\/#organization","name":"Austrian Drumhead Company","url":"https:\/\/austriandrumheadcompany.at\/it\/","logo":{"@type":"ImageObject","inLanguage":"it-IT","@id":"https:\/\/austriandrumheadcompany.at\/it\/#\/schema\/logo\/image\/","url":"https:\/\/austriandrumheadcompany.at\/wp-content\/uploads\/2021\/07\/cropped-Austrian-Drumhead-Company-e1660602877717.png","contentUrl":"https:\/\/austriandrumheadcompany.at\/wp-content\/uploads\/2021\/07\/cropped-Austrian-Drumhead-Company-e1660602877717.png","width":6764,"height":4830,"caption":"Austrian Drumhead Company"},"image":{"@id":"https:\/\/austriandrumheadcompany.at\/it\/#\/schema\/logo\/image\/"},"sameAs":["https:\/\/www.facebook.com\/austriandrumheadcompany\/","https:\/\/www.instagram.com\/austrian_drumhead_company\/","https:\/\/www.linkedin.com\/in\/austrian-drumhead-company-5095662b5\/"]}]}},"_links":{"self":[{"href":"https:\/\/austriandrumheadcompany.at\/it\/wp-json\/wp\/v2\/pages\/1843","targetHints":{"allow":["GET"]}}],"collection":[{"href":"https:\/\/austriandrumheadcompany.at\/it\/wp-json\/wp\/v2\/pages"}],"about":[{"href":"https:\/\/austriandrumheadcompany.at\/it\/wp-json\/wp\/v2\/types\/page"}],"author":[{"embeddable":true,"href":"https:\/\/austriandrumheadcompany.at\/it\/wp-json\/wp\/v2\/users\/1"}],"replies":[{"embeddable":true,"href":"https:\/\/austriandrumheadcompany.at\/it\/wp-json\/wp\/v2\/comments?post=1843"}],"version-history":[{"count":3,"href":"https:\/\/austriandrumheadcompany.at\/it\/wp-json\/wp\/v2\/pages\/1843\/revisions"}],"predecessor-version":[{"id":4510,"href":"https:\/\/austriandrumheadcompany.at\/it\/wp-json\/wp\/v2\/pages\/1843\/revisions\/4510"}],"wp:attachment":[{"href":"https:\/\/austriandrumheadcompany.at\/it\/wp-json\/wp\/v2\/media?parent=1843"}],"curies":[{"name":"wp","href":"https:\/\/api.w.org\/{rel}","templated":true}]}}