{"id":1968,"date":"2021-05-27T15:52:10","date_gmt":"2021-05-27T13:52:10","guid":{"rendered":"https:\/\/austriandrumheadcompany.at\/conditions-generales-de-vente\/"},"modified":"2024-01-28T16:54:58","modified_gmt":"2024-01-28T15:54:58","slug":"conditions-generales-de-vente","status":"publish","type":"page","link":"https:\/\/austriandrumheadcompany.at\/fr\/conditions-generales-de-vente\/","title":{"rendered":"CONDITIONS G\u00c9N\u00c9RALES DE VENTE"},"content":{"rendered":"\t\t<div data-elementor-type=\"wp-page\" data-elementor-id=\"1968\" class=\"elementor elementor-1968 elementor-330\" data-elementor-post-type=\"page\">\n\t\t\t\t\t\t<section class=\"elementor-section elementor-top-section elementor-element elementor-element-1087830 elementor-section-boxed elementor-section-height-default elementor-section-height-default\" data-id=\"1087830\" data-element_type=\"section\" data-e-type=\"section\">\n\t\t\t\t\t\t<div class=\"elementor-container elementor-column-gap-default\">\n\t\t\t\t\t<div class=\"elementor-column elementor-col-100 elementor-top-column elementor-element elementor-element-8bcbbf4\" data-id=\"8bcbbf4\" data-element_type=\"column\" data-e-type=\"column\">\n\t\t\t<div class=\"elementor-widget-wrap elementor-element-populated\">\n\t\t\t\t\t\t<div class=\"elementor-element elementor-element-e31c4d7 elementor-widget elementor-widget-text-editor\" data-id=\"e31c4d7\" data-element_type=\"widget\" data-e-type=\"widget\" data-widget_type=\"text-editor.default\">\n\t\t\t\t<div class=\"elementor-widget-container\">\n\t\t\t\t\t\t\t\t\t<h3 class=\"western\" align=\"justify\"><span style=\"color: #000000;\">Conditions g\u00e9n\u00e9rales de vente de la <\/span><span style=\"color: #000080;\"><br \/>\n  <span lang=\"zxx\"><br \/>\n    <u><br \/>\n      <span style=\"color: #000000;\"><a href=\"http:\/\/www.kulturbibliothek.at\/\">Austrian<\/a>Drumhead Company<\/span><br \/>\n    <\/u><br \/>\n  <\/span><br \/>\n<\/span><\/h3>\n<p class=\"western\" align=\"justify\">\n<p class=\"western\" align=\"justify\"><span style=\"color: #000000;\"><span style=\"font-size: medium;\">Austrian Drumhead Company<\/span><\/span><\/p>\n<p class=\"western\" align=\"justify\"><span style=\"color: #000000;\"><span style=\"font-size: medium;\">Hans-Peter Kirbisser<\/span><\/span><\/p>\n<p class=\"western\" align=\"justify\"><span style=\"color: #000000;\"><span style=\"font-size: medium;\">M\u00fchldorf 76<\/span><\/span><\/p>\n<p class=\"western\" align=\"justify\"><span style=\"color: #000000;\"><span style=\"font-size: medium;\">8330 Feldbach<\/span><\/span><\/p>\n<p class=\"western\" align=\"justify\"><span style=\"color: #000000;\"><span style=\"font-size: medium;\"> <\/span><\/span><\/p>\n<h4 class=\"western\" align=\"justify\"><span style=\"color: #000000;\">\u00a7 1 Champ d&rsquo;application<\/span><\/h4>\n<p class=\"western\" align=\"justify\"><span style=\"color: #000000;\">(1) Les \u00ab\u00a0Conditions g\u00e9n\u00e9rales de vente\u00a0\u00bb (CGV) suivantes s&rsquo;appliquent dans la version en vigueur le jour de la commande \u00e0 tous les contrats de vente entre <\/span><span style=\"color: #000000;\">la soci\u00e9t\u00e9 Austrian Drumhead Company<\/span><span style=\"color: #000000;\">  et ses clients. En passant sa commande, le client d\u00e9clare avoir lu et compris les CGV et \u00eatre ainsi juridiquement li\u00e9 par celles-ci.<br \/>(2) Si certaines dispositions des pr\u00e9sentes conditions g\u00e9n\u00e9rales de vente sont totalement ou partiellement invalides en raison de dispositions l\u00e9gales obligatoires (en particulier les dispositions de la loi sur la protection des consommateurs), les autres dispositions des pr\u00e9sentes conditions g\u00e9n\u00e9rales de vente restent inchang\u00e9es.<\/span><\/p>\n<h4 class=\"western\" align=\"justify\"><span style=\"color: #000000;\">\u00a7 2 Conclusion du contrat<\/span><\/h4>\n<p class=\"western\" align=\"justify\"><span style=\"color: #000000;\">Tous les produits propos\u00e9s <\/span><span style=\"color: #000000;\">marchandises<\/span><span style=\"color: #000000;\"> doivent \u00eatre consid\u00e9r\u00e9es comme une invitation non contraignante pour le client <\/span><span style=\"color: #000000;\">d&rsquo;acheter la marchandise<\/span><span style=\"color: #000000;\">  \u00e0 acheter. Le contrat est conclu par l&rsquo;envoi d&rsquo;une confirmation de commande \u00e9lectronique.  <\/span><span style=\"color: #000000;\">L&rsquo;assortiment peut \u00eatre consult\u00e9 dans la boutique.  <\/span><span style=\"color: #000000;\">En cliquant sur le bouton \u00ab\u00a0Acheter maintenant\u00a0\u00bb, le client conclut le contrat de vente.<\/span><\/p>\n<h4 class=\"western\" align=\"justify\">\u00a7 3 Droit de r\u00e9siliation de la vente<\/h4>\n<p class=\"western\" align=\"justify\"><span style=\"color: #000000;\">(1) Les clients qui sont des consommateurs au sens de la loi sur la protection des consommateurs peuvent, conform\u00e9ment \u00e0 la loi sur la protection des consommateurs, faire valoir leur droit de r\u00e9tractation pendant 14 jours. <\/span><span style=\"color: #000000;\">\u00e0 compter de la livraison<\/span><span style=\"color: #000000;\">  se r\u00e9tracter sans donner de raisons, \u00e0 moins que des dispositions l\u00e9gales contraignantes ne s&rsquo;y opposent. Il suffit que la d\u00e9claration de r\u00e9siliation soit envoy\u00e9e dans le d\u00e9lai imparti sans indication de motif.<br \/>(2) En cas de r\u00e9siliation, le remboursement du prix d&rsquo;achat n&rsquo;a lieu qu&rsquo;en \u00e9change de la restitution des marchandises re\u00e7ues par le client.<\/span><\/p>\n<p class=\"western\" align=\"justify\"><span style=\"color: #000000;\">(3) En cas de retour, les frais de renvoi sont \u00e0 la charge du client.<\/span><\/p>\n<h4 class=\"western\" align=\"justify\"><span style=\"font-family: Liberation Serif, serif;\"><span style=\"font-size: medium;\"><span style=\"color: #000000;\">\u00a7 4 Garantie<\/span><\/span><\/span><\/h4>\n<p class=\"western\" align=\"justify\"><span style=\"font-family: Liberation Serif, serif;\"><span style=\"font-size: medium;\"><span style=\"color: #000000;\">(1) Les dispositions l\u00e9gales de garantie (\u00a78 KSchG) s&rsquo;appliquent aux consommateurs en cas de d\u00e9fauts de la marchandise. Il n&rsquo;y a pas de cas de garantie en cas de dommages r\u00e9sultant d&rsquo;une utilisation ou d&rsquo;un traitement inappropri\u00e9 du produit. Il en va de m\u00eame pour l&rsquo;usure normale.<\/span><\/span><\/span><\/p>\n<p class=\"western\" align=\"justify\"><span style=\"font-family: Liberation Serif, serif;\"><span style=\"font-size: medium;\"><span style=\"color: #000000;\">(2) Les illustrations des produits sur le site web et\/ou dans nos d\u00e9pliants peuvent diff\u00e9rer en termes de couleur et de taille de l&rsquo;aspect des produits livr\u00e9s en raison de la r\u00e9solution et de la taille. Les marchandises livr\u00e9es sont consid\u00e9r\u00e9es comme conformes au contrat si les pi\u00e8ces livr\u00e9es correspondent aux autres sp\u00e9cifications du produit.<\/span><\/span><\/span><\/p>\n<p class=\"western\" align=\"justify\"><span style=\"color: #000000;\"><span style=\"font-family: Liberation Serif, serif;\"><span style=\"font-size: medium;\">(3) Si le client est un consommateur au sens de la loi sur la protection des consommateurs (KSchG), il doit v\u00e9rifier, d\u00e8s r\u00e9ception, si la marchandise livr\u00e9e est compl\u00e8te, correcte et exempte de tout autre d\u00e9faut, en particulier si l&#8217;emballage est intact, et nous signaler les \u00e9ventuels d\u00e9fauts par e-mail \u00e0 info@austriandrumheadcompany.at en les d\u00e9crivant bri\u00e8vement. Cela ne sert qu&rsquo;\u00e0 traiter plus rapidement et plus efficacement les \u00e9ventuelles r\u00e9clamations. Le non-respect de cette obligation n&rsquo;entra\u00eene aucune restriction des droits de garantie l\u00e9gaux du consommateur.<\/span><\/span><\/span><\/p>\n<h4 class=\"western\" align=\"justify\"><span style=\"color: #000000;\">\u00a7 5 Prix <\/span><span style=\"color: #000000;\">et frais d&rsquo;envoi<\/span><\/h4>\n<p class=\"western\" align=\"justify\"><span style=\"color: #000000;\">(1) En principe, le prix d&rsquo;achat convenu pour les marchandises command\u00e9es est celui qui figure sur les listes de prix actuelles.<br \/>(2) Sauf indication contraire, toutes les indications de prix s&rsquo;entendent comme des prix bruts, y compris la taxe sur la valeur ajout\u00e9e l\u00e9gale.<\/span><\/p>\n<p class=\"western\" align=\"justify\"><span style=\"color: #000000;\">(3) Les frais d&rsquo;exp\u00e9dition sont calcul\u00e9s en fonction de l&rsquo;adresse de livraison et apparaissent s\u00e9par\u00e9ment sur la facture finale.<\/span><\/p>\n<p class=\"western\" align=\"justify\"><span style=\"color: #000000;\">(<\/span><span style=\"color: #000000;\">4<\/span><span style=\"color: #000000;\">) La saisie d&rsquo;un code de coupon peut modifier le prix d&rsquo;achat. Un code de coupon maximum peut \u00eatre utilis\u00e9 par op\u00e9ration d&rsquo;achat.<\/span><\/p>\n<h4 class=\"western\" align=\"justify\"><span style=\"color: #000000;\">\u00a7 6 Conditions de livraison<\/span><\/h4>\n<p class=\"western\" align=\"justify\"><span style=\"color: #000000;\">(1) <\/span><span style=\"color: #000000;\">Si la marchandise est en stock, la livraison s&rsquo;effectue<\/span><span style=\"color: #000000;\">la livraison <\/span><span style=\"color: #000000;\">selon le lieu de livraison<\/span><span style=\"color: #000000;\"> normalement dans un d\u00e9lai de <\/span><span style=\"color: #000000;\">7<\/span><span style=\"color: #000000;\"> jours ouvrables \u00e0 compter de la r\u00e9ception du paiement du client <\/span> <span style=\"color: #000000;\">\u00e0 l&rsquo;adresse de livraison indiqu\u00e9e. Sur  <\/span><span style=\"color: #000000;\">Pour les fabrications sp\u00e9ciales ou les marchandises qui ne sont pas en stock, le d\u00e9lai de livraison peut \u00eatre prolong\u00e9.  <\/span><\/p>\n<h4 class=\"western\" align=\"justify\"><span style=\"color: #000000;\">\u00a7 7 Conditions de paiement<\/span><\/h4>\n<p class=\"western\" align=\"justify\"><span style=\"color: #000000;\">Le client a la possibilit\u00e9 de payer par paiement anticip\u00e9 (virement) ou par <\/span><span style=\"color: #000000;\">carte de cr\u00e9dit (Stripe)<\/span><span style=\"color: #000000;\">. Si le client a choisi le paiement par avance (virement), il s&rsquo;engage \u00e0 verser la totalit\u00e9 du prix d&rsquo;achat sur le compte bancaire indiqu\u00e9 imm\u00e9diatement apr\u00e8s la conclusion du contrat. Le contrat est valable d\u00e8s la r\u00e9ception du paiement.<\/span><\/p>\n<h4 class=\"western\" align=\"justify\"><span style=\"color: #000000;\">\u00a7 10 Protection des donn\u00e9es<\/span><\/h4>\n<p class=\"western\" align=\"justify\"><span style=\"color: #000000;\">Le client reconna\u00eet que l&rsquo;utilisation des donn\u00e9es mentionn\u00e9es dans le contrat concernant le client est enregistr\u00e9e et trait\u00e9e \u00e0 des fins de comptabilit\u00e9 et d&rsquo;enregistrement des clients. Les donn\u00e9es sont utilis\u00e9es pour r\u00e9pondre aux exigences l\u00e9gales, pour traiter les op\u00e9rations de paiement et pour informer les clients. Les donn\u00e9es des clients ne sont pas transmises \u00e0 des tiers, sauf si cela est absolument n\u00e9cessaire pour l&rsquo;ex\u00e9cution du contrat. Vous trouverez les utilisations d\u00e9taill\u00e9es  <\/span><span style=\"color: #000000;\">dans le menu Protection des donn\u00e9es\/Impressum.<\/span><\/p>\n<h4 class=\"western\" align=\"justify\"><span style=\"color: #000000;\">\u00a7 11 Juridiction comp\u00e9tente et droit applicable<\/span><\/h4>\n<p class=\"western\" align=\"justify\"><span style=\"color: #000000;\">(1) Le droit mat\u00e9riel autrichien s&rsquo;applique au pr\u00e9sent contrat, \u00e0 l&rsquo;exclusion de la Convention des Nations unies sur les contrats de vente internationale de marchandises. Si le cocontractant est un consommateur, les dispositions imp\u00e9ratives de la loi du pays dans lequel il a sa r\u00e9sidence habituelle s&rsquo;appliquent \u00e9galement au pr\u00e9sent contrat. Le lieu d&rsquo;ex\u00e9cution du contrat est le si\u00e8ge de l&rsquo;association.<br \/>(2) En cas de litige, le tribunal mat\u00e9riellement comp\u00e9tent au si\u00e8ge de l&rsquo;association est seul comp\u00e9tent. Si le client est un consommateur au sens de la loi sur la protection des consommateurs, la comp\u00e9tence est attribu\u00e9e au tribunal dans le ressort duquel se trouve le domicile, la r\u00e9sidence habituelle ou le lieu de travail du client.<\/span><\/p>\n\t\t\t\t\t\t\t\t<\/div>\n\t\t\t\t<\/div>\n\t\t\t\t\t<\/div>\n\t\t<\/div>\n\t\t\t\t\t<\/div>\n\t\t<\/section>\n\t\t\t\t<\/div>\n\t\t","protected":false},"excerpt":{"rendered":"<p>Conditions g\u00e9n\u00e9rales de vente de la AustrianDrumhead Company Austrian Drumhead Company Hans-Peter Kirbisser M\u00fchldorf 76 8330 Feldbach \u00a7 1 Champ d&rsquo;application (1) Les \u00ab\u00a0Conditions g\u00e9n\u00e9rales de vente\u00a0\u00bb (CGV) suivantes s&rsquo;appliquent dans la version en vigueur le jour de la commande \u00e0 tous les contrats de vente entre la soci\u00e9t\u00e9 Austrian Drumhead Company et ses clients. [&hellip;]<\/p>\n","protected":false},"author":1,"featured_media":0,"parent":0,"menu_order":0,"comment_status":"closed","ping_status":"closed","template":"","meta":{"ocean_post_layout":"","ocean_both_sidebars_style":"","ocean_both_sidebars_content_width":0,"ocean_both_sidebars_sidebars_width":0,"ocean_sidebar":"","ocean_second_sidebar":"","ocean_disable_margins":"enable","ocean_add_body_class":"","ocean_shortcode_before_top_bar":"","ocean_shortcode_after_top_bar":"","ocean_shortcode_before_header":"","ocean_shortcode_after_header":"","ocean_has_shortcode":"","ocean_shortcode_after_title":"","ocean_shortcode_before_footer_widgets":"","ocean_shortcode_after_footer_widgets":"","ocean_shortcode_before_footer_bottom":"","ocean_shortcode_after_footer_bottom":"","ocean_display_top_bar":"default","ocean_display_header":"default","ocean_header_style":"","ocean_center_header_left_menu":"","ocean_custom_header_template":"","ocean_custom_logo":0,"ocean_custom_retina_logo":0,"ocean_custom_logo_max_width":0,"ocean_custom_logo_tablet_max_width":0,"ocean_custom_logo_mobile_max_width":0,"ocean_custom_logo_max_height":0,"ocean_custom_logo_tablet_max_height":0,"ocean_custom_logo_mobile_max_height":0,"ocean_header_custom_menu":"","ocean_menu_typo_font_family":"","ocean_menu_typo_font_subset":"","ocean_menu_typo_font_size":0,"ocean_menu_typo_font_size_tablet":0,"ocean_menu_typo_font_size_mobile":0,"ocean_menu_typo_font_size_unit":"px","ocean_menu_typo_font_weight":"","ocean_menu_typo_font_weight_tablet":"","ocean_menu_typo_font_weight_mobile":"","ocean_menu_typo_transform":"","ocean_menu_typo_transform_tablet":"","ocean_menu_typo_transform_mobile":"","ocean_menu_typo_line_height":0,"ocean_menu_typo_line_height_tablet":0,"ocean_menu_typo_line_height_mobile":0,"ocean_menu_typo_line_height_unit":"","ocean_menu_typo_spacing":0,"ocean_menu_typo_spacing_tablet":0,"ocean_menu_typo_spacing_mobile":0,"ocean_menu_typo_spacing_unit":"","ocean_menu_link_color":"","ocean_menu_link_color_hover":"","ocean_menu_link_color_active":"","ocean_menu_link_background":"","ocean_menu_link_hover_background":"","ocean_menu_link_active_background":"","ocean_menu_social_links_bg":"","ocean_menu_social_hover_links_bg":"","ocean_menu_social_links_color":"","ocean_menu_social_hover_links_color":"","ocean_disable_title":"default","ocean_disable_heading":"default","ocean_post_title":"","ocean_post_subheading":"","ocean_post_title_style":"","ocean_post_title_background_color":"","ocean_post_title_background":0,"ocean_post_title_bg_image_position":"","ocean_post_title_bg_image_attachment":"","ocean_post_title_bg_image_repeat":"","ocean_post_title_bg_image_size":"","ocean_post_title_height":0,"ocean_post_title_bg_overlay":0.5,"ocean_post_title_bg_overlay_color":"","ocean_disable_breadcrumbs":"default","ocean_breadcrumbs_color":"","ocean_breadcrumbs_separator_color":"","ocean_breadcrumbs_links_color":"","ocean_breadcrumbs_links_hover_color":"","ocean_display_footer_widgets":"default","ocean_display_footer_bottom":"default","ocean_custom_footer_template":"","footnotes":""},"class_list":["post-1968","page","type-page","status-publish","hentry","entry","owp-thumbs-layout-horizontal","owp-btn-normal","owp-tabs-layout-horizontal","has-no-thumbnails","has-product-nav"],"yoast_head":"<!-- This site is optimized with the Yoast SEO plugin v27.4 - https:\/\/yoast.com\/product\/yoast-seo-wordpress\/ -->\n<title>CONDITIONS G\u00c9N\u00c9RALES DE VENTE | Austrian Drumhead Company<\/title>\n<meta name=\"robots\" content=\"index, follow, max-snippet:-1, max-image-preview:large, max-video-preview:-1\" \/>\n<link rel=\"canonical\" href=\"https:\/\/austriandrumheadcompany.at\/fr\/conditions-generales-de-vente\/\" \/>\n<meta property=\"og:locale\" content=\"fr_FR\" \/>\n<meta property=\"og:type\" content=\"article\" \/>\n<meta property=\"og:title\" content=\"CONDITIONS G\u00c9N\u00c9RALES DE VENTE | Austrian Drumhead Company\" \/>\n<meta property=\"og:description\" content=\"Conditions g\u00e9n\u00e9rales de vente de la AustrianDrumhead Company Austrian Drumhead Company Hans-Peter Kirbisser M\u00fchldorf 76 8330 Feldbach \u00a7 1 Champ d&rsquo;application (1) Les \u00ab\u00a0Conditions g\u00e9n\u00e9rales de vente\u00a0\u00bb (CGV) suivantes s&rsquo;appliquent dans la version en vigueur le jour de la commande \u00e0 tous les contrats de vente entre la soci\u00e9t\u00e9 Austrian Drumhead Company et ses clients. [&hellip;]\" \/>\n<meta property=\"og:url\" content=\"https:\/\/austriandrumheadcompany.at\/fr\/conditions-generales-de-vente\/\" \/>\n<meta property=\"og:site_name\" content=\"Austrian Drumhead Company\" \/>\n<meta property=\"article:publisher\" content=\"https:\/\/www.facebook.com\/austriandrumheadcompany\/\" \/>\n<meta property=\"article:modified_time\" content=\"2024-01-28T15:54:58+00:00\" \/>\n<meta name=\"twitter:card\" content=\"summary_large_image\" \/>\n<meta name=\"twitter:label1\" content=\"Dur\u00e9e de lecture estim\u00e9e\" \/>\n\t<meta name=\"twitter:data1\" content=\"5 minutes\" \/>\n<script type=\"application\/ld+json\" class=\"yoast-schema-graph\">{\"@context\":\"https:\\\/\\\/schema.org\",\"@graph\":[{\"@type\":\"WebPage\",\"@id\":\"https:\\\/\\\/austriandrumheadcompany.at\\\/fr\\\/conditions-generales-de-vente\\\/\",\"url\":\"https:\\\/\\\/austriandrumheadcompany.at\\\/fr\\\/conditions-generales-de-vente\\\/\",\"name\":\"CONDITIONS G\u00c9N\u00c9RALES DE VENTE | Austrian Drumhead Company\",\"isPartOf\":{\"@id\":\"https:\\\/\\\/austriandrumheadcompany.at\\\/fr\\\/#website\"},\"datePublished\":\"2021-05-27T13:52:10+00:00\",\"dateModified\":\"2024-01-28T15:54:58+00:00\",\"breadcrumb\":{\"@id\":\"https:\\\/\\\/austriandrumheadcompany.at\\\/fr\\\/conditions-generales-de-vente\\\/#breadcrumb\"},\"inLanguage\":\"fr-FR\",\"potentialAction\":[{\"@type\":\"ReadAction\",\"target\":[\"https:\\\/\\\/austriandrumheadcompany.at\\\/fr\\\/conditions-generales-de-vente\\\/\"]}]},{\"@type\":\"BreadcrumbList\",\"@id\":\"https:\\\/\\\/austriandrumheadcompany.at\\\/fr\\\/conditions-generales-de-vente\\\/#breadcrumb\",\"itemListElement\":[{\"@type\":\"ListItem\",\"position\":1,\"name\":\"Startseite\",\"item\":\"https:\\\/\\\/austriandrumheadcompany.at\\\/fr\\\/a-propos-de-laustrian-drumhead-company\\\/\"},{\"@type\":\"ListItem\",\"position\":2,\"name\":\"CONDITIONS G\u00c9N\u00c9RALES DE VENTE\"}]},{\"@type\":\"WebSite\",\"@id\":\"https:\\\/\\\/austriandrumheadcompany.at\\\/fr\\\/#website\",\"url\":\"https:\\\/\\\/austriandrumheadcompany.at\\\/fr\\\/\",\"name\":\"Austrian Drumhead Company\",\"description\":\"UPGRADE YOUR SOUND!\",\"publisher\":{\"@id\":\"https:\\\/\\\/austriandrumheadcompany.at\\\/fr\\\/#organization\"},\"potentialAction\":[{\"@type\":\"SearchAction\",\"target\":{\"@type\":\"EntryPoint\",\"urlTemplate\":\"https:\\\/\\\/austriandrumheadcompany.at\\\/fr\\\/?s={search_term_string}\"},\"query-input\":{\"@type\":\"PropertyValueSpecification\",\"valueRequired\":true,\"valueName\":\"search_term_string\"}}],\"inLanguage\":\"fr-FR\"},{\"@type\":\"Organization\",\"@id\":\"https:\\\/\\\/austriandrumheadcompany.at\\\/fr\\\/#organization\",\"name\":\"Austrian Drumhead Company\",\"url\":\"https:\\\/\\\/austriandrumheadcompany.at\\\/fr\\\/\",\"logo\":{\"@type\":\"ImageObject\",\"inLanguage\":\"fr-FR\",\"@id\":\"https:\\\/\\\/austriandrumheadcompany.at\\\/fr\\\/#\\\/schema\\\/logo\\\/image\\\/\",\"url\":\"https:\\\/\\\/austriandrumheadcompany.at\\\/wp-content\\\/uploads\\\/2021\\\/07\\\/cropped-Austrian-Drumhead-Company-e1660602877717.png\",\"contentUrl\":\"https:\\\/\\\/austriandrumheadcompany.at\\\/wp-content\\\/uploads\\\/2021\\\/07\\\/cropped-Austrian-Drumhead-Company-e1660602877717.png\",\"width\":6764,\"height\":4830,\"caption\":\"Austrian Drumhead Company\"},\"image\":{\"@id\":\"https:\\\/\\\/austriandrumheadcompany.at\\\/fr\\\/#\\\/schema\\\/logo\\\/image\\\/\"},\"sameAs\":[\"https:\\\/\\\/www.facebook.com\\\/austriandrumheadcompany\\\/\",\"https:\\\/\\\/www.instagram.com\\\/austrian_drumhead_company\\\/\",\"https:\\\/\\\/www.linkedin.com\\\/in\\\/austrian-drumhead-company-5095662b5\\\/\"]}]}<\/script>\n<!-- \/ Yoast SEO plugin. -->","yoast_head_json":{"title":"CONDITIONS G\u00c9N\u00c9RALES DE VENTE | Austrian Drumhead Company","robots":{"index":"index","follow":"follow","max-snippet":"max-snippet:-1","max-image-preview":"max-image-preview:large","max-video-preview":"max-video-preview:-1"},"canonical":"https:\/\/austriandrumheadcompany.at\/fr\/conditions-generales-de-vente\/","og_locale":"fr_FR","og_type":"article","og_title":"CONDITIONS G\u00c9N\u00c9RALES DE VENTE | Austrian Drumhead Company","og_description":"Conditions g\u00e9n\u00e9rales de vente de la AustrianDrumhead Company Austrian Drumhead Company Hans-Peter Kirbisser M\u00fchldorf 76 8330 Feldbach \u00a7 1 Champ d&rsquo;application (1) Les \u00ab\u00a0Conditions g\u00e9n\u00e9rales de vente\u00a0\u00bb (CGV) suivantes s&rsquo;appliquent dans la version en vigueur le jour de la commande \u00e0 tous les contrats de vente entre la soci\u00e9t\u00e9 Austrian Drumhead Company et ses clients. [&hellip;]","og_url":"https:\/\/austriandrumheadcompany.at\/fr\/conditions-generales-de-vente\/","og_site_name":"Austrian Drumhead Company","article_publisher":"https:\/\/www.facebook.com\/austriandrumheadcompany\/","article_modified_time":"2024-01-28T15:54:58+00:00","twitter_card":"summary_large_image","twitter_misc":{"Dur\u00e9e de lecture estim\u00e9e":"5 minutes"},"schema":{"@context":"https:\/\/schema.org","@graph":[{"@type":"WebPage","@id":"https:\/\/austriandrumheadcompany.at\/fr\/conditions-generales-de-vente\/","url":"https:\/\/austriandrumheadcompany.at\/fr\/conditions-generales-de-vente\/","name":"CONDITIONS G\u00c9N\u00c9RALES DE VENTE | Austrian Drumhead Company","isPartOf":{"@id":"https:\/\/austriandrumheadcompany.at\/fr\/#website"},"datePublished":"2021-05-27T13:52:10+00:00","dateModified":"2024-01-28T15:54:58+00:00","breadcrumb":{"@id":"https:\/\/austriandrumheadcompany.at\/fr\/conditions-generales-de-vente\/#breadcrumb"},"inLanguage":"fr-FR","potentialAction":[{"@type":"ReadAction","target":["https:\/\/austriandrumheadcompany.at\/fr\/conditions-generales-de-vente\/"]}]},{"@type":"BreadcrumbList","@id":"https:\/\/austriandrumheadcompany.at\/fr\/conditions-generales-de-vente\/#breadcrumb","itemListElement":[{"@type":"ListItem","position":1,"name":"Startseite","item":"https:\/\/austriandrumheadcompany.at\/fr\/a-propos-de-laustrian-drumhead-company\/"},{"@type":"ListItem","position":2,"name":"CONDITIONS G\u00c9N\u00c9RALES DE VENTE"}]},{"@type":"WebSite","@id":"https:\/\/austriandrumheadcompany.at\/fr\/#website","url":"https:\/\/austriandrumheadcompany.at\/fr\/","name":"Austrian Drumhead Company","description":"UPGRADE YOUR SOUND!","publisher":{"@id":"https:\/\/austriandrumheadcompany.at\/fr\/#organization"},"potentialAction":[{"@type":"SearchAction","target":{"@type":"EntryPoint","urlTemplate":"https:\/\/austriandrumheadcompany.at\/fr\/?s={search_term_string}"},"query-input":{"@type":"PropertyValueSpecification","valueRequired":true,"valueName":"search_term_string"}}],"inLanguage":"fr-FR"},{"@type":"Organization","@id":"https:\/\/austriandrumheadcompany.at\/fr\/#organization","name":"Austrian Drumhead Company","url":"https:\/\/austriandrumheadcompany.at\/fr\/","logo":{"@type":"ImageObject","inLanguage":"fr-FR","@id":"https:\/\/austriandrumheadcompany.at\/fr\/#\/schema\/logo\/image\/","url":"https:\/\/austriandrumheadcompany.at\/wp-content\/uploads\/2021\/07\/cropped-Austrian-Drumhead-Company-e1660602877717.png","contentUrl":"https:\/\/austriandrumheadcompany.at\/wp-content\/uploads\/2021\/07\/cropped-Austrian-Drumhead-Company-e1660602877717.png","width":6764,"height":4830,"caption":"Austrian Drumhead Company"},"image":{"@id":"https:\/\/austriandrumheadcompany.at\/fr\/#\/schema\/logo\/image\/"},"sameAs":["https:\/\/www.facebook.com\/austriandrumheadcompany\/","https:\/\/www.instagram.com\/austrian_drumhead_company\/","https:\/\/www.linkedin.com\/in\/austrian-drumhead-company-5095662b5\/"]}]}},"_links":{"self":[{"href":"https:\/\/austriandrumheadcompany.at\/fr\/wp-json\/wp\/v2\/pages\/1968","targetHints":{"allow":["GET"]}}],"collection":[{"href":"https:\/\/austriandrumheadcompany.at\/fr\/wp-json\/wp\/v2\/pages"}],"about":[{"href":"https:\/\/austriandrumheadcompany.at\/fr\/wp-json\/wp\/v2\/types\/page"}],"author":[{"embeddable":true,"href":"https:\/\/austriandrumheadcompany.at\/fr\/wp-json\/wp\/v2\/users\/1"}],"replies":[{"embeddable":true,"href":"https:\/\/austriandrumheadcompany.at\/fr\/wp-json\/wp\/v2\/comments?post=1968"}],"version-history":[{"count":3,"href":"https:\/\/austriandrumheadcompany.at\/fr\/wp-json\/wp\/v2\/pages\/1968\/revisions"}],"predecessor-version":[{"id":2243,"href":"https:\/\/austriandrumheadcompany.at\/fr\/wp-json\/wp\/v2\/pages\/1968\/revisions\/2243"}],"wp:attachment":[{"href":"https:\/\/austriandrumheadcompany.at\/fr\/wp-json\/wp\/v2\/media?parent=1968"}],"curies":[{"name":"wp","href":"https:\/\/api.w.org\/{rel}","templated":true}]}}