{"id":1835,"date":"2021-05-17T10:51:56","date_gmt":"2021-05-17T08:51:56","guid":{"rendered":"https:\/\/austriandrumheadcompany.at\/mentions-legales-protection-des-donnees\/"},"modified":"2023-11-27T09:49:01","modified_gmt":"2023-11-27T08:49:01","slug":"mentions-legales-protection-des-donnees","status":"publish","type":"page","link":"https:\/\/austriandrumheadcompany.at\/fr\/mentions-legales-protection-des-donnees\/","title":{"rendered":"Mentions l\u00e9gales &amp; protection des donn\u00e9es"},"content":{"rendered":"\t\t<div data-elementor-type=\"wp-page\" data-elementor-id=\"1835\" class=\"elementor elementor-1835 elementor-269\" data-elementor-post-type=\"page\">\n\t\t\t\t\t\t<section class=\"elementor-section elementor-top-section elementor-element elementor-element-8544d1b elementor-section-boxed elementor-section-height-default elementor-section-height-default\" data-id=\"8544d1b\" data-element_type=\"section\" data-e-type=\"section\">\n\t\t\t\t\t\t<div class=\"elementor-container elementor-column-gap-default\">\n\t\t\t\t\t<div class=\"elementor-column elementor-col-100 elementor-top-column elementor-element elementor-element-2989996\" data-id=\"2989996\" data-element_type=\"column\" data-e-type=\"column\">\n\t\t\t<div class=\"elementor-widget-wrap elementor-element-populated\">\n\t\t\t\t\t\t<div class=\"elementor-element elementor-element-7b0481c elementor-widget elementor-widget-text-editor\" data-id=\"7b0481c\" data-element_type=\"widget\" data-e-type=\"widget\" data-widget_type=\"text-editor.default\">\n\t\t\t\t<div class=\"elementor-widget-container\">\n\t\t\t\t\t\t\t\t\t<p class=\"western\"><strong>Mentions l\u00e9gales :<\/strong><\/p>\n<p class=\"western\">Hans-Peter Kirbisser<\/p>\n<p class=\"western\">17, rue des Teinturiers<br><\/p>\n<p class=\"western\">8330 Feldbach<br><\/p>\n<p class=\"western\">T\u00e9l. : +43 699 10073071<\/p>\n<p>Courrier \u00e9lectronique : info@austriandrumheadcompany.at<\/p>\t\t\t\t\t\t\t\t<\/div>\n\t\t\t\t<\/div>\n\t\t\t\t\t<\/div>\n\t\t<\/div>\n\t\t\t\t\t<\/div>\n\t\t<\/section>\n\t\t\t\t<section class=\"elementor-section elementor-top-section elementor-element elementor-element-ca4accf elementor-section-boxed elementor-section-height-default elementor-section-height-default\" data-id=\"ca4accf\" data-element_type=\"section\" data-e-type=\"section\">\n\t\t\t\t\t\t<div class=\"elementor-container elementor-column-gap-default\">\n\t\t\t\t\t<div class=\"elementor-column elementor-col-100 elementor-top-column elementor-element elementor-element-5f7ac04\" data-id=\"5f7ac04\" data-element_type=\"column\" data-e-type=\"column\">\n\t\t\t<div class=\"elementor-widget-wrap elementor-element-populated\">\n\t\t\t\t\t\t<div class=\"elementor-element elementor-element-1c3418a elementor-widget elementor-widget-text-editor\" data-id=\"1c3418a\" data-element_type=\"widget\" data-e-type=\"widget\" data-widget_type=\"text-editor.default\">\n\t\t\t\t<div class=\"elementor-widget-container\">\n\t\t\t\t\t\t\t\t\t<p class=\"western\"><strong>D\u00e9claration de confidentialit\u00e9<\/strong><\/p>\n<p class=\"western\"><em>1. donn\u00e9es \u00e0 caract\u00e8re personnel<\/em><br \/>La Austrian Drumhaed Company ne traite et n&rsquo;utilise vos donn\u00e9es personnelles qu&rsquo;avec votre consentement ou dans le cadre de l&rsquo;ex\u00e9cution d&rsquo;un contrat ou d&rsquo;une commande aux fins convenues avec vous ou lorsqu&rsquo;il existe une autre base l\u00e9gale conforme au RGPD ; ceci dans le respect des dispositions de protection des donn\u00e9es et du droit civil. Nous ne collectons que les donn\u00e9es personnelles n\u00e9cessaires \u00e0 l&rsquo;ex\u00e9cution et au traitement de nos prestations contractuelles ou que vous avez mises volontairement \u00e0 notre disposition. Pour tout traitement de donn\u00e9es d\u00e9passant ce cadre, nous vous demandons votre consentement explicite et vous informons de vos droits. Les donn\u00e9es \u00e0 caract\u00e8re personnel sont toutes les donn\u00e9es qui contiennent des informations individuelles sur la situation personnelle ou mat\u00e9rielle, par exemple le nom, l&rsquo;adresse, l&rsquo;adresse \u00e9lectronique, le num\u00e9ro de t\u00e9l\u00e9phone, la date de naissance, l&rsquo;\u00e2ge, le sexe, les enregistrements vid\u00e9o, les photos ainsi que les enregistrements vocaux de personnes.<\/p>\n<p class=\"western\"><em>2. acc\u00e8s et suppression<\/em><br \/>En tant que personne concern\u00e9e, vous avez \u00e0 tout moment le droit d&rsquo;obtenir des informations sur vos donn\u00e9es personnelles enregistr\u00e9es, sur leur origine et leur destinataire et sur la finalit\u00e9 du traitement des donn\u00e9es, ainsi qu&rsquo;un droit de rectification, de transfert de donn\u00e9es, d&rsquo;opposition, de limitation du traitement et de blocage ou de suppression des donn\u00e9es incorrectes ou trait\u00e9es de mani\u00e8re illicite. En cas de modification de vos donn\u00e9es personnelles, nous vous prions de nous en informer.<br \/>Vous avez le droit de r\u00e9voquer \u00e0 tout moment le consentement que vous avez donn\u00e9 pour l&rsquo;utilisation de vos donn\u00e9es personnelles. Votre demande d&rsquo;acc\u00e8s, d&rsquo;effacement, de rectification, d&rsquo;opposition et\/ou de transfert de donn\u00e9es, dans ce dernier cas si cela n&rsquo;entra\u00eene pas un effort disproportionn\u00e9, peut \u00eatre adress\u00e9e \u00e0 l&rsquo;adresse de notre entreprise mentionn\u00e9e au point 10 de la pr\u00e9sente d\u00e9claration.<br \/>Si vous estimez que le traitement de vos donn\u00e9es personnelles par nos soins enfreint la l\u00e9gislation en vigueur en mati\u00e8re de protection des donn\u00e9es ou que vos droits en mati\u00e8re de protection des donn\u00e9es ont \u00e9t\u00e9 viol\u00e9s d&rsquo;une autre mani\u00e8re, vous avez la possibilit\u00e9 de d\u00e9poser une plainte aupr\u00e8s de l&rsquo;autorit\u00e9 de surveillance comp\u00e9tente. En Autriche, c&rsquo;est l&rsquo;autorit\u00e9 de protection des donn\u00e9es qui est comp\u00e9tente en la mati\u00e8re.<\/p>\n<p class=\"western\"><em>3. s\u00e9curit\u00e9 des donn\u00e9es<\/em><br \/>La protection de vos donn\u00e9es personnelles est assur\u00e9e par des mesures organisationnelles et techniques appropri\u00e9es. Ces pr\u00e9cautions concernent notamment la protection contre l&rsquo;acc\u00e8s, le traitement, la perte, l&rsquo;utilisation et la manipulation non autoris\u00e9s, ill\u00e9gaux ou m\u00eame accidentels.<br \/>Malgr\u00e9 les efforts d\u00e9ploy\u00e9s pour maintenir en permanence un niveau de vigilance raisonnable, il ne peut \u00eatre exclu que les informations que vous nous communiquez via Internet soient consult\u00e9es et utilis\u00e9es par d&rsquo;autres personnes.<br \/>Veuillez noter que nous d\u00e9clinons toute responsabilit\u00e9 en cas d&rsquo;erreurs de transmission de donn\u00e9es qui ne nous sont pas imputables et\/ou d&rsquo;acc\u00e8s non autoris\u00e9 par des tiers (par exemple, piratage du compte e-mail ou du t\u00e9l\u00e9phone, interception de fax).<\/p>\n<p class=\"western\"><em>4. utilisation des donn\u00e9es<\/em><br \/>Nous ne traiterons pas les donn\u00e9es mises \u00e0 notre disposition \u00e0 des fins autres que celles couvertes par l&rsquo;ex\u00e9cution du contrat ou par votre consentement ou par toute autre disposition conforme au RGPD. L&rsquo;utilisation \u00e0 des fins statistiques fait exception \u00e0 cette r\u00e8gle, \u00e0 condition que les donn\u00e9es mises \u00e0 disposition soient anonymes.<\/p>\n<p class=\"western\"><em>5. transmission de donn\u00e9es \u00e0 des tiers<\/em><br \/>Pour l&rsquo;ex\u00e9cution de votre contrat, il peut \u00e9galement \u00eatre n\u00e9cessaire de transmettre vos donn\u00e9es \u00e0 des tiers (par exemple des assurances, des prestataires de services auxquels nous faisons appel, etc.) \u00e0 des tribunaux ou \u00e0 des autorit\u00e9s. La transmission de vos donn\u00e9es se fait exclusivement sur la base du RGPD, notamment pour l&rsquo;ex\u00e9cution de votre contrat ou sur la base de votre consentement pr\u00e9alable.<br \/>Certains des destinataires de vos donn\u00e9es \u00e0 caract\u00e8re personnel mentionn\u00e9s ci-dessus sont situ\u00e9s en dehors de votre pays ou y traitent vos donn\u00e9es \u00e0 caract\u00e8re personnel. Le niveau de protection des donn\u00e9es dans d&rsquo;autres pays peut ne pas correspondre \u00e0 celui de l&rsquo;Autriche. Nous ne transf\u00e9rons toutefois vos donn\u00e9es personnelles que vers des pays pour lesquels la Commission europ\u00e9enne a d\u00e9cid\u00e9 qu&rsquo;ils disposaient d&rsquo;un niveau de protection des donn\u00e9es ad\u00e9quat ou nous prenons des mesures pour garantir que tous les destinataires disposent d&rsquo;un niveau de protection des donn\u00e9es ad\u00e9quat, ce qui nous am\u00e8ne \u00e0 conclure des clauses contractuelles standard (2010\/87\/CE et\/ou 2004\/915\/CE).<\/p>\n<p class=\"western\"><em>6. notification des violations de donn\u00e9es<\/em><br \/>Nous nous effor\u00e7ons de veiller \u00e0 ce que les violations de donn\u00e9es soient d\u00e9tect\u00e9es \u00e0 temps et, le cas \u00e9ch\u00e9ant, signal\u00e9es imm\u00e9diatement \u00e0 vous ou \u00e0 l&rsquo;autorit\u00e9 de contr\u00f4le comp\u00e9tente, en tenant compte des cat\u00e9gories de donn\u00e9es concern\u00e9es.<\/p>\n<p class=\"western\"><em>7) Conservation des donn\u00e9es<\/em><br \/>Nous ne conserverons pas les donn\u00e9es plus longtemps que n\u00e9cessaire pour remplir nos obligations contractuelles ou l\u00e9gales et pour nous d\u00e9fendre contre d&rsquo;\u00e9ventuelles actions en responsabilit\u00e9.<\/p>\n<p class=\"western\"><em>8. les cookies<\/em><\/p>\n<p class=\"western\">Ce site web utilise des \u00ab\u00a0cookies\u00a0\u00bb afin de rendre notre offre plus conviviale, plus efficace et plus s\u00fbre.<\/p>\n<p class=\"western\">Un \u00ab\u00a0cookie\u00a0\u00bb est un petit fichier texte que nous transmettons au fichier cookie du navigateur sur le disque dur de votre ordinateur via notre serveur web. Cela permet \u00e0 notre site web de vous reconna\u00eetre en tant qu&rsquo;utilisateur lorsqu&rsquo;une connexion est \u00e9tablie entre notre serveur web et votre navigateur. Les cookies nous aident \u00e0 d\u00e9terminer la fr\u00e9quence d&rsquo;utilisation et le nombre d&rsquo;utilisateurs de nos pages Internet. Le contenu des cookies que nous utilisons se limite \u00e0 un num\u00e9ro d&rsquo;identification qui ne permet plus d&rsquo;\u00e9tablir un lien personnel avec l&rsquo;utilisateur. Le but principal d&rsquo;un cookie est de reconna\u00eetre les visiteurs du site web.<\/p>\n<p class=\"western\">Deux types de cookies sont utilis\u00e9s sur ce site :<\/p>\n<ul>\n<li>\n<p class=\"western\">Cookies de session : il s&rsquo;agit de cookies temporaires qui restent dans le fichier de cookies de votre navigateur jusqu&rsquo;\u00e0 ce que vous quittiez notre site et qui sont automatiquement supprim\u00e9s \u00e0 la fin de votre visite.<\/p>\n<\/li>\n<li>\n<p class=\"western\">Cookies permanents : pour une meilleure convivialit\u00e9, les cookies restent enregistr\u00e9s sur votre terminal et nous permettent de reconna\u00eetre votre navigateur lors de votre prochaine visite.<\/p>\n<\/li>\n<\/ul>\n<p class=\"western\">Vous pouvez configurer votre navigateur de mani\u00e8re \u00e0 \u00eatre inform\u00e9 de l&rsquo;installation de cookies et \u00e0 n&rsquo;autoriser les cookies qu&rsquo;au cas par cas, \u00e0 exclure l&rsquo;acceptation de cookies dans certains cas ou de mani\u00e8re g\u00e9n\u00e9rale, et \u00e0 activer la suppression automatique des cookies \u00e0 la fermeture du navigateur. Si les cookies sont d\u00e9sactiv\u00e9s, la fonctionnalit\u00e9 de ce site web peut \u00eatre limit\u00e9e.<\/p>\n<p class=\"western\"><em>9. fichiers journaux du serveur<\/em><br \/>Afin d&rsquo;optimiser ce site web en termes de performance du syst\u00e8me, de convivialit\u00e9 et de mise \u00e0 disposition d&rsquo;informations utiles sur nos services, le fournisseur du site web collecte et enregistre automatiquement des informations dans ce que l&rsquo;on appelle des fichiers journaux du serveur, que votre navigateur nous transmet automatiquement. Cela comprend votre adresse de protocole Internet (adresse IP), le navigateur et le choix de la langue, le syst\u00e8me d&rsquo;exploitation, l&rsquo;URL de r\u00e9f\u00e9rence, votre fournisseur d&rsquo;acc\u00e8s Internet et la date\/l&rsquo;heure.<br \/>Ces donn\u00e9es ne sont pas recoup\u00e9es avec des sources de donn\u00e9es personnelles. Nous nous r\u00e9servons le droit de v\u00e9rifier ces donn\u00e9es ult\u00e9rieurement si nous avons connaissance d&rsquo;indices concrets d&rsquo;une utilisation ill\u00e9gale.<\/p>\n<p class=\"western\"><em>10. nos coordonn\u00e9es<\/em><br \/>La protection de vos donn\u00e9es est particuli\u00e8rement importante pour nous. Vous pouvez nous contacter \u00e0 tout moment pour toute question ou r\u00e9vocation aux coordonn\u00e9es indiqu\u00e9es ci-dessous : info@austriandrumheadcompany.at<\/p>\n<p class=\"western\">\n\t\t\t\t\t\t\t\t<\/div>\n\t\t\t\t<\/div>\n\t\t\t\t\t<\/div>\n\t\t<\/div>\n\t\t\t\t\t<\/div>\n\t\t<\/section>\n\t\t\t\t<\/div>\n\t\t","protected":false},"excerpt":{"rendered":"<p>Mentions l\u00e9gales : Hans-Peter Kirbisser 17, rue des Teinturiers 8330 Feldbach T\u00e9l. : +43 699 10073071 Courrier \u00e9lectronique : info@austriandrumheadcompany.at D\u00e9claration de confidentialit\u00e9 1. donn\u00e9es \u00e0 caract\u00e8re personnelLa Austrian Drumhaed Company ne traite et n&rsquo;utilise vos donn\u00e9es personnelles qu&rsquo;avec votre consentement ou dans le cadre de l&rsquo;ex\u00e9cution d&rsquo;un contrat ou d&rsquo;une commande aux fins convenues [&hellip;]<\/p>\n","protected":false},"author":1,"featured_media":0,"parent":0,"menu_order":0,"comment_status":"closed","ping_status":"closed","template":"","meta":{"ocean_post_layout":"","ocean_both_sidebars_style":"","ocean_both_sidebars_content_width":0,"ocean_both_sidebars_sidebars_width":0,"ocean_sidebar":"","ocean_second_sidebar":"","ocean_disable_margins":"enable","ocean_add_body_class":"","ocean_shortcode_before_top_bar":"","ocean_shortcode_after_top_bar":"","ocean_shortcode_before_header":"","ocean_shortcode_after_header":"","ocean_has_shortcode":"","ocean_shortcode_after_title":"","ocean_shortcode_before_footer_widgets":"","ocean_shortcode_after_footer_widgets":"","ocean_shortcode_before_footer_bottom":"","ocean_shortcode_after_footer_bottom":"","ocean_display_top_bar":"default","ocean_display_header":"default","ocean_header_style":"","ocean_center_header_left_menu":"","ocean_custom_header_template":"","ocean_custom_logo":0,"ocean_custom_retina_logo":0,"ocean_custom_logo_max_width":0,"ocean_custom_logo_tablet_max_width":0,"ocean_custom_logo_mobile_max_width":0,"ocean_custom_logo_max_height":0,"ocean_custom_logo_tablet_max_height":0,"ocean_custom_logo_mobile_max_height":0,"ocean_header_custom_menu":"","ocean_menu_typo_font_family":"","ocean_menu_typo_font_subset":"","ocean_menu_typo_font_size":0,"ocean_menu_typo_font_size_tablet":0,"ocean_menu_typo_font_size_mobile":0,"ocean_menu_typo_font_size_unit":"px","ocean_menu_typo_font_weight":"","ocean_menu_typo_font_weight_tablet":"","ocean_menu_typo_font_weight_mobile":"","ocean_menu_typo_transform":"","ocean_menu_typo_transform_tablet":"","ocean_menu_typo_transform_mobile":"","ocean_menu_typo_line_height":0,"ocean_menu_typo_line_height_tablet":0,"ocean_menu_typo_line_height_mobile":0,"ocean_menu_typo_line_height_unit":"","ocean_menu_typo_spacing":0,"ocean_menu_typo_spacing_tablet":0,"ocean_menu_typo_spacing_mobile":0,"ocean_menu_typo_spacing_unit":"","ocean_menu_link_color":"","ocean_menu_link_color_hover":"","ocean_menu_link_color_active":"","ocean_menu_link_background":"","ocean_menu_link_hover_background":"","ocean_menu_link_active_background":"","ocean_menu_social_links_bg":"","ocean_menu_social_hover_links_bg":"","ocean_menu_social_links_color":"","ocean_menu_social_hover_links_color":"","ocean_disable_title":"default","ocean_disable_heading":"default","ocean_post_title":"","ocean_post_subheading":"","ocean_post_title_style":"","ocean_post_title_background_color":"","ocean_post_title_background":0,"ocean_post_title_bg_image_position":"","ocean_post_title_bg_image_attachment":"","ocean_post_title_bg_image_repeat":"","ocean_post_title_bg_image_size":"","ocean_post_title_height":0,"ocean_post_title_bg_overlay":0.5,"ocean_post_title_bg_overlay_color":"","ocean_disable_breadcrumbs":"default","ocean_breadcrumbs_color":"","ocean_breadcrumbs_separator_color":"","ocean_breadcrumbs_links_color":"","ocean_breadcrumbs_links_hover_color":"","ocean_display_footer_widgets":"default","ocean_display_footer_bottom":"default","ocean_custom_footer_template":"","footnotes":""},"class_list":["post-1835","page","type-page","status-publish","hentry","entry","owp-thumbs-layout-horizontal","owp-btn-normal","owp-tabs-layout-horizontal","has-no-thumbnails","has-product-nav"],"yoast_head":"<!-- This site is optimized with the Yoast SEO plugin v27.3 - https:\/\/yoast.com\/product\/yoast-seo-wordpress\/ -->\n<title>Mentions l\u00e9gales &amp; protection des donn\u00e9es | Austrian Drumhead Company<\/title>\n<meta name=\"robots\" content=\"noindex, follow\" \/>\n<meta property=\"og:locale\" content=\"fr_FR\" \/>\n<meta property=\"og:type\" content=\"article\" \/>\n<meta property=\"og:title\" content=\"Mentions l\u00e9gales &amp; protection des donn\u00e9es | Austrian Drumhead Company\" \/>\n<meta property=\"og:description\" content=\"Mentions l\u00e9gales : Hans-Peter Kirbisser 17, rue des Teinturiers 8330 Feldbach T\u00e9l. : +43 699 10073071 Courrier \u00e9lectronique : info@austriandrumheadcompany.at D\u00e9claration de confidentialit\u00e9 1. donn\u00e9es \u00e0 caract\u00e8re personnelLa Austrian Drumhaed Company ne traite et n&rsquo;utilise vos donn\u00e9es personnelles qu&rsquo;avec votre consentement ou dans le cadre de l&rsquo;ex\u00e9cution d&rsquo;un contrat ou d&rsquo;une commande aux fins convenues [&hellip;]\" \/>\n<meta property=\"og:url\" content=\"https:\/\/austriandrumheadcompany.at\/fr\/mentions-legales-protection-des-donnees\/\" \/>\n<meta property=\"og:site_name\" content=\"Austrian Drumhead Company\" \/>\n<meta property=\"article:publisher\" content=\"https:\/\/www.facebook.com\/austriandrumheadcompany\/\" \/>\n<meta property=\"article:modified_time\" content=\"2023-11-27T08:49:01+00:00\" \/>\n<meta name=\"twitter:card\" content=\"summary_large_image\" \/>\n<meta name=\"twitter:label1\" content=\"Dur\u00e9e de lecture estim\u00e9e\" \/>\n\t<meta name=\"twitter:data1\" content=\"7 minutes\" \/>\n<script type=\"application\/ld+json\" class=\"yoast-schema-graph\">{\"@context\":\"https:\\\/\\\/schema.org\",\"@graph\":[{\"@type\":\"WebPage\",\"@id\":\"https:\\\/\\\/austriandrumheadcompany.at\\\/fr\\\/mentions-legales-protection-des-donnees\\\/\",\"url\":\"https:\\\/\\\/austriandrumheadcompany.at\\\/fr\\\/mentions-legales-protection-des-donnees\\\/\",\"name\":\"Mentions l\u00e9gales &amp; protection des donn\u00e9es | Austrian Drumhead Company\",\"isPartOf\":{\"@id\":\"https:\\\/\\\/austriandrumheadcompany.at\\\/fr\\\/#website\"},\"datePublished\":\"2021-05-17T08:51:56+00:00\",\"dateModified\":\"2023-11-27T08:49:01+00:00\",\"breadcrumb\":{\"@id\":\"https:\\\/\\\/austriandrumheadcompany.at\\\/fr\\\/mentions-legales-protection-des-donnees\\\/#breadcrumb\"},\"inLanguage\":\"fr-FR\",\"potentialAction\":[{\"@type\":\"ReadAction\",\"target\":[\"https:\\\/\\\/austriandrumheadcompany.at\\\/fr\\\/mentions-legales-protection-des-donnees\\\/\"]}]},{\"@type\":\"BreadcrumbList\",\"@id\":\"https:\\\/\\\/austriandrumheadcompany.at\\\/fr\\\/mentions-legales-protection-des-donnees\\\/#breadcrumb\",\"itemListElement\":[{\"@type\":\"ListItem\",\"position\":1,\"name\":\"Startseite\",\"item\":\"https:\\\/\\\/austriandrumheadcompany.at\\\/fr\\\/a-propos-de-laustrian-drumhead-company\\\/\"},{\"@type\":\"ListItem\",\"position\":2,\"name\":\"Mentions l\u00e9gales &amp; protection des donn\u00e9es\"}]},{\"@type\":\"WebSite\",\"@id\":\"https:\\\/\\\/austriandrumheadcompany.at\\\/fr\\\/#website\",\"url\":\"https:\\\/\\\/austriandrumheadcompany.at\\\/fr\\\/\",\"name\":\"Austrian Drumhead Company\",\"description\":\"UPGRADE YOUR SOUND!\",\"publisher\":{\"@id\":\"https:\\\/\\\/austriandrumheadcompany.at\\\/fr\\\/#organization\"},\"potentialAction\":[{\"@type\":\"SearchAction\",\"target\":{\"@type\":\"EntryPoint\",\"urlTemplate\":\"https:\\\/\\\/austriandrumheadcompany.at\\\/fr\\\/?s={search_term_string}\"},\"query-input\":{\"@type\":\"PropertyValueSpecification\",\"valueRequired\":true,\"valueName\":\"search_term_string\"}}],\"inLanguage\":\"fr-FR\"},{\"@type\":\"Organization\",\"@id\":\"https:\\\/\\\/austriandrumheadcompany.at\\\/fr\\\/#organization\",\"name\":\"Austrian Drumhead Company\",\"url\":\"https:\\\/\\\/austriandrumheadcompany.at\\\/fr\\\/\",\"logo\":{\"@type\":\"ImageObject\",\"inLanguage\":\"fr-FR\",\"@id\":\"https:\\\/\\\/austriandrumheadcompany.at\\\/fr\\\/#\\\/schema\\\/logo\\\/image\\\/\",\"url\":\"https:\\\/\\\/austriandrumheadcompany.at\\\/wp-content\\\/uploads\\\/2021\\\/07\\\/cropped-Austrian-Drumhead-Company-e1660602877717.png\",\"contentUrl\":\"https:\\\/\\\/austriandrumheadcompany.at\\\/wp-content\\\/uploads\\\/2021\\\/07\\\/cropped-Austrian-Drumhead-Company-e1660602877717.png\",\"width\":6764,\"height\":4830,\"caption\":\"Austrian Drumhead Company\"},\"image\":{\"@id\":\"https:\\\/\\\/austriandrumheadcompany.at\\\/fr\\\/#\\\/schema\\\/logo\\\/image\\\/\"},\"sameAs\":[\"https:\\\/\\\/www.facebook.com\\\/austriandrumheadcompany\\\/\",\"https:\\\/\\\/www.instagram.com\\\/austrian_drumhead_company\\\/\",\"https:\\\/\\\/www.linkedin.com\\\/in\\\/austrian-drumhead-company-5095662b5\\\/\"]}]}<\/script>\n<!-- \/ Yoast SEO plugin. -->","yoast_head_json":{"title":"Mentions l\u00e9gales &amp; protection des donn\u00e9es | Austrian Drumhead Company","robots":{"index":"noindex","follow":"follow"},"og_locale":"fr_FR","og_type":"article","og_title":"Mentions l\u00e9gales &amp; protection des donn\u00e9es | Austrian Drumhead Company","og_description":"Mentions l\u00e9gales : Hans-Peter Kirbisser 17, rue des Teinturiers 8330 Feldbach T\u00e9l. : +43 699 10073071 Courrier \u00e9lectronique : info@austriandrumheadcompany.at D\u00e9claration de confidentialit\u00e9 1. donn\u00e9es \u00e0 caract\u00e8re personnelLa Austrian Drumhaed Company ne traite et n&rsquo;utilise vos donn\u00e9es personnelles qu&rsquo;avec votre consentement ou dans le cadre de l&rsquo;ex\u00e9cution d&rsquo;un contrat ou d&rsquo;une commande aux fins convenues [&hellip;]","og_url":"https:\/\/austriandrumheadcompany.at\/fr\/mentions-legales-protection-des-donnees\/","og_site_name":"Austrian Drumhead Company","article_publisher":"https:\/\/www.facebook.com\/austriandrumheadcompany\/","article_modified_time":"2023-11-27T08:49:01+00:00","twitter_card":"summary_large_image","twitter_misc":{"Dur\u00e9e de lecture estim\u00e9e":"7 minutes"},"schema":{"@context":"https:\/\/schema.org","@graph":[{"@type":"WebPage","@id":"https:\/\/austriandrumheadcompany.at\/fr\/mentions-legales-protection-des-donnees\/","url":"https:\/\/austriandrumheadcompany.at\/fr\/mentions-legales-protection-des-donnees\/","name":"Mentions l\u00e9gales &amp; protection des donn\u00e9es | Austrian Drumhead Company","isPartOf":{"@id":"https:\/\/austriandrumheadcompany.at\/fr\/#website"},"datePublished":"2021-05-17T08:51:56+00:00","dateModified":"2023-11-27T08:49:01+00:00","breadcrumb":{"@id":"https:\/\/austriandrumheadcompany.at\/fr\/mentions-legales-protection-des-donnees\/#breadcrumb"},"inLanguage":"fr-FR","potentialAction":[{"@type":"ReadAction","target":["https:\/\/austriandrumheadcompany.at\/fr\/mentions-legales-protection-des-donnees\/"]}]},{"@type":"BreadcrumbList","@id":"https:\/\/austriandrumheadcompany.at\/fr\/mentions-legales-protection-des-donnees\/#breadcrumb","itemListElement":[{"@type":"ListItem","position":1,"name":"Startseite","item":"https:\/\/austriandrumheadcompany.at\/fr\/a-propos-de-laustrian-drumhead-company\/"},{"@type":"ListItem","position":2,"name":"Mentions l\u00e9gales &amp; protection des donn\u00e9es"}]},{"@type":"WebSite","@id":"https:\/\/austriandrumheadcompany.at\/fr\/#website","url":"https:\/\/austriandrumheadcompany.at\/fr\/","name":"Austrian Drumhead Company","description":"UPGRADE YOUR SOUND!","publisher":{"@id":"https:\/\/austriandrumheadcompany.at\/fr\/#organization"},"potentialAction":[{"@type":"SearchAction","target":{"@type":"EntryPoint","urlTemplate":"https:\/\/austriandrumheadcompany.at\/fr\/?s={search_term_string}"},"query-input":{"@type":"PropertyValueSpecification","valueRequired":true,"valueName":"search_term_string"}}],"inLanguage":"fr-FR"},{"@type":"Organization","@id":"https:\/\/austriandrumheadcompany.at\/fr\/#organization","name":"Austrian Drumhead Company","url":"https:\/\/austriandrumheadcompany.at\/fr\/","logo":{"@type":"ImageObject","inLanguage":"fr-FR","@id":"https:\/\/austriandrumheadcompany.at\/fr\/#\/schema\/logo\/image\/","url":"https:\/\/austriandrumheadcompany.at\/wp-content\/uploads\/2021\/07\/cropped-Austrian-Drumhead-Company-e1660602877717.png","contentUrl":"https:\/\/austriandrumheadcompany.at\/wp-content\/uploads\/2021\/07\/cropped-Austrian-Drumhead-Company-e1660602877717.png","width":6764,"height":4830,"caption":"Austrian Drumhead Company"},"image":{"@id":"https:\/\/austriandrumheadcompany.at\/fr\/#\/schema\/logo\/image\/"},"sameAs":["https:\/\/www.facebook.com\/austriandrumheadcompany\/","https:\/\/www.instagram.com\/austrian_drumhead_company\/","https:\/\/www.linkedin.com\/in\/austrian-drumhead-company-5095662b5\/"]}]}},"_links":{"self":[{"href":"https:\/\/austriandrumheadcompany.at\/fr\/wp-json\/wp\/v2\/pages\/1835","targetHints":{"allow":["GET"]}}],"collection":[{"href":"https:\/\/austriandrumheadcompany.at\/fr\/wp-json\/wp\/v2\/pages"}],"about":[{"href":"https:\/\/austriandrumheadcompany.at\/fr\/wp-json\/wp\/v2\/types\/page"}],"author":[{"embeddable":true,"href":"https:\/\/austriandrumheadcompany.at\/fr\/wp-json\/wp\/v2\/users\/1"}],"replies":[{"embeddable":true,"href":"https:\/\/austriandrumheadcompany.at\/fr\/wp-json\/wp\/v2\/comments?post=1835"}],"version-history":[{"count":2,"href":"https:\/\/austriandrumheadcompany.at\/fr\/wp-json\/wp\/v2\/pages\/1835\/revisions"}],"predecessor-version":[{"id":1854,"href":"https:\/\/austriandrumheadcompany.at\/fr\/wp-json\/wp\/v2\/pages\/1835\/revisions\/1854"}],"wp:attachment":[{"href":"https:\/\/austriandrumheadcompany.at\/fr\/wp-json\/wp\/v2\/media?parent=1835"}],"curies":[{"name":"wp","href":"https:\/\/api.w.org\/{rel}","templated":true}]}}