{"id":1940,"date":"2021-06-12T15:42:59","date_gmt":"2021-06-12T13:42:59","guid":{"rendered":"https:\/\/austriandrumheadcompany.at\/faq\/"},"modified":"2025-02-19T12:23:24","modified_gmt":"2025-02-19T11:23:24","slug":"faq","status":"publish","type":"page","link":"https:\/\/austriandrumheadcompany.at\/en\/faq\/","title":{"rendered":"FAQ"},"content":{"rendered":"\t\t<div data-elementor-type=\"wp-page\" data-elementor-id=\"1940\" class=\"elementor elementor-1940 elementor-407\" data-elementor-post-type=\"page\">\n\t\t\t\t\t\t<section class=\"elementor-section elementor-top-section elementor-element elementor-element-946ae0d elementor-section-boxed elementor-section-height-default elementor-section-height-default\" data-id=\"946ae0d\" data-element_type=\"section\" data-e-type=\"section\">\n\t\t\t\t\t\t<div class=\"elementor-container elementor-column-gap-default\">\n\t\t\t\t\t<div class=\"elementor-column elementor-col-100 elementor-top-column elementor-element elementor-element-bc15442\" data-id=\"bc15442\" data-element_type=\"column\" data-e-type=\"column\">\n\t\t\t<div class=\"elementor-widget-wrap elementor-element-populated\">\n\t\t\t\t\t\t<div class=\"elementor-element elementor-element-0337b84 elementor-widget elementor-widget-text-editor\" data-id=\"0337b84\" data-element_type=\"widget\" data-e-type=\"widget\" data-widget_type=\"text-editor.default\">\n\t\t\t\t<div class=\"elementor-widget-container\">\n\t\t\t\t\t\t\t\t\t<p style=\"text-align: center;\"><strong>Here you will find frequently asked questions to provide you with lots of information about the Austrian Drumhead Company and perhaps save you the odd email inquiry. If questions are not answered here, please send me an e-mail or contact me by phone. I look forward to hearing from you!<\/strong><\/p>\n\t\t\t\t\t\t\t\t<\/div>\n\t\t\t\t<\/div>\n\t\t\t\t\t<\/div>\n\t\t<\/div>\n\t\t\t\t\t<\/div>\n\t\t<\/section>\n\t\t\t\t<section class=\"elementor-section elementor-top-section elementor-element elementor-element-728af7a elementor-section-boxed elementor-section-height-default elementor-section-height-default\" data-id=\"728af7a\" data-element_type=\"section\" data-e-type=\"section\">\n\t\t\t\t\t\t<div class=\"elementor-container elementor-column-gap-default\">\n\t\t\t\t\t<div class=\"elementor-column elementor-col-100 elementor-top-column elementor-element elementor-element-45b7649\" data-id=\"45b7649\" data-element_type=\"column\" data-e-type=\"column\">\n\t\t\t<div class=\"elementor-widget-wrap elementor-element-populated\">\n\t\t\t\t\t\t<div class=\"elementor-element elementor-element-cd112ce elementor-widget elementor-widget-spacer\" data-id=\"cd112ce\" data-element_type=\"widget\" data-e-type=\"widget\" data-widget_type=\"spacer.default\">\n\t\t\t\t<div class=\"elementor-widget-container\">\n\t\t\t\t\t\t\t<div class=\"elementor-spacer\">\n\t\t\t<div class=\"elementor-spacer-inner\"><\/div>\n\t\t<\/div>\n\t\t\t\t\t\t<\/div>\n\t\t\t\t<\/div>\n\t\t\t\t<div class=\"elementor-element elementor-element-74b8ae3 elementor-widget elementor-widget-wl-faq\" data-id=\"74b8ae3\" data-element_type=\"widget\" data-e-type=\"widget\" data-widget_type=\"wl-faq.default\">\n\t\t\t\t<div class=\"elementor-widget-container\">\n\t\t\t\t\t                \n            <div class=\"htwoolentor-faq htmove-icon-pos-after\" id=\"htwoolentor-faq-74b8ae3\" data-settings=\"{&quot;showitem&quot;:true}\" >\n                                            <div class=\"htwoolentor-faq-card\">\n                                <div class=\"htwoolentor-faq-head\"><span class=\"htwoolentor-faq-head-text\">Austrian Drumhead Company<\/span> <span class=\"htwoolentor-faq-head-indicator\"><\/span><\/div>                                <div class=\"htwoolentor-faq-body\">\n                                    <div class=\"htwoolentor-faq-content\">\n                                    <p>Die Austrian Drumhead Company ist ein Ein-Mann-Betrieb, in dem alle Arbeitsschritte mit gro\u00dfer Sorgfalt und Gewissenhaftigkeit in der hauseigenen Werkstatt durchgef\u00fchrt werden.<\/p>                                    <\/div>\n                                <\/div>\n                            <\/div>\n                                                        <div class=\"htwoolentor-faq-card\">\n                                <div class=\"htwoolentor-faq-head\"><span class=\"htwoolentor-faq-head-text\">Was sind Naturfelle?<\/span> <span class=\"htwoolentor-faq-head-indicator\"><\/span><\/div>                                <div class=\"htwoolentor-faq-body\">\n                                    <div class=\"htwoolentor-faq-content\">\n                                    <p>Ja! Viele Jazz-, Orchester- und Vintage-Schlagzeuger verwenden sie immer noch, besonders auf Snare-Drums, Drumsets, aber auch Pauken und Handpercussion-Instrumenten wie Congas und Bongos.<\/p>                                    <\/div>\n                                <\/div>\n                            <\/div>\n                                                        <div class=\"htwoolentor-faq-card\">\n                                <div class=\"htwoolentor-faq-head\"><span class=\"htwoolentor-faq-head-text\">Werden Naturfelle heute noch verwendet?<\/span> <span class=\"htwoolentor-faq-head-indicator\"><\/span><\/div>                                <div class=\"htwoolentor-faq-body\">\n                                    <div class=\"htwoolentor-faq-content\">\n                                    <p>Ja! Viele Jazz-, Orchester- und Vintage-Schlagzeuger verwenden sie immer noch, besonders auf Snare-Drums, Drumsets, aber auch Pauken und Handpercussion-Instrumenten wie Congas und Bongos.<\/p>                                    <\/div>\n                                <\/div>\n                            <\/div>\n                                                        <div class=\"htwoolentor-faq-card\">\n                                <div class=\"htwoolentor-faq-head\"><span class=\"htwoolentor-faq-head-text\">Wie unterscheiden sich Naturfelle von synthetischen Fellen?<\/span> <span class=\"htwoolentor-faq-head-indicator\"><\/span><\/div>                                <div class=\"htwoolentor-faq-body\">\n                                    <div class=\"htwoolentor-faq-content\">\n                                    <ul><li data-start=\"457\" data-end=\"596\"><strong data-start=\"459\" data-end=\"468\">Klang<\/strong>: Kalbfellfelle erzeugen einen w\u00e4rmeren, reichhaltigeren Klang mit nat\u00fcrlichen Obert\u00f6nen im Vergleich zu synthetischen Fellen.<\/li><li data-start=\"597\" data-end=\"684\"><strong data-start=\"599\" data-end=\"614\">Spielgef\u00fchl<\/strong>: Sie bieten ein dynamischeres und reaktionsfreudigeres Spielgef\u00fchl.<\/li><li data-start=\"597\" data-end=\"684\"><strong data-start=\"833\" data-end=\"843\">Pflege<\/strong>: Sie erfordern mehr Wartung, einschlie\u00dflich richtiger Stimmung und gelegentlicher Feuchtigkeitsanpassung, um Rissbildung oder Austrocknung zu verhindern.<\/li><\/ul><p>Soundbeispiele findet ihr unter dem Men\u00fcpunkt <a href=\"https:\/\/austriandrumheadcompany.at\/produktinfos\/\">MEDIEN<\/a><\/p>                                    <\/div>\n                                <\/div>\n                            <\/div>\n                                                        <div class=\"htwoolentor-faq-card\">\n                                <div class=\"htwoolentor-faq-head\"><span class=\"htwoolentor-faq-head-text\">Ich kenne mich mit Naturfelle nicht aus...<\/span> <span class=\"htwoolentor-faq-head-indicator\"><\/span><\/div>                                <div class=\"htwoolentor-faq-body\">\n                                    <div class=\"htwoolentor-faq-content\">\n                                    <p>Die pers\u00f6nliche Beratung ist mir sehr wichtig. Z\u00f6gere nicht, mir eine E-Mail zu schreiben \u2013 Deine Fragen und Anliegen sind mir wichtig!<\/p>                                    <\/div>\n                                <\/div>\n                            <\/div>\n                                                        <div class=\"htwoolentor-faq-card\">\n                                <div class=\"htwoolentor-faq-head\"><span class=\"htwoolentor-faq-head-text\">Lieferzeiten<\/span> <span class=\"htwoolentor-faq-head-indicator\"><\/span><\/div>                                <div class=\"htwoolentor-faq-body\">\n                                    <div class=\"htwoolentor-faq-content\">\n                                    <p>Einige Modelle halte ich nach M\u00f6glichkeit auf Lager, um schnelle Lieferungen zu gew\u00e4hrleisten. Bei speziellen Gr\u00f6\u00dfen und\/oder gr\u00f6\u00dferen Mengen kann es jedoch zu l\u00e4ngeren Lieferzeiten kommen. F\u00fcr detaillierte Lieferinformationen oder individuelle Anfragen sendet bitte eine E-Mail an <a href=\"mailto:info@austriandrumheadcompany.at\">info@austriandrumheadcompany.at<\/a>. Ich stehe euch gerne zur Verf\u00fcgung und beantworte eure Fragen so schnell wie m\u00f6glich.<\/p>                                    <\/div>\n                                <\/div>\n                            <\/div>\n                                                        <div class=\"htwoolentor-faq-card\">\n                                <div class=\"htwoolentor-faq-head\"><span class=\"htwoolentor-faq-head-text\">Lagerung<\/span> <span class=\"htwoolentor-faq-head-indicator\"><\/span><\/div>                                <div class=\"htwoolentor-faq-body\">\n                                    <div class=\"htwoolentor-faq-content\">\n                                    <p>Austrian Drumhead Company Naturfelle werden in ein luftversiegelten Plastikfolie ausgeliefert. Nach dem \u00d6ffnen der Folie sollte das Fell direkt auf die Trommel aufgezogen werden. Eine Lagerung des Fells ohne Trommel sollte an einem Platz mit konstanter Temperatur und Luftfeuchtigkeit stattfinden, da sich das Fell ansonsten verformen kann.<\/p>                                    <\/div>\n                                <\/div>\n                            <\/div>\n                                                        <div class=\"htwoolentor-faq-card\">\n                                <div class=\"htwoolentor-faq-head\"><span class=\"htwoolentor-faq-head-text\">Versand<\/span> <span class=\"htwoolentor-faq-head-indicator\"><\/span><\/div>                                <div class=\"htwoolentor-faq-body\">\n                                    <div class=\"htwoolentor-faq-content\">\n                                    <p>Innerhalb von Europa sowie Gro\u00dfbritannien passiert der Versand direkt aus dem Austrian Drumhead Company Headquarter in \u00d6sterreich. Kunden aus der USA bitten wir die Felle direkt bei unserem exklusiven US-Vertrieb <strong>Steve Maxwell Vintage &amp; Customdrums<\/strong> zu bestellen. Erreichbar unter https:\/\/<a href=\"http:\/\/www.maxwelldrums.com\/\">www.maxwelldrums.com<\/a><\/p>                                    <\/div>\n                                <\/div>\n                            <\/div>\n                                        <\/div>\n        \t\t\t\t<\/div>\n\t\t\t\t<\/div>\n\t\t\t\t<div class=\"elementor-element elementor-element-9de5fc5 elementor-widget elementor-widget-spacer\" data-id=\"9de5fc5\" data-element_type=\"widget\" data-e-type=\"widget\" data-widget_type=\"spacer.default\">\n\t\t\t\t<div class=\"elementor-widget-container\">\n\t\t\t\t\t\t\t<div class=\"elementor-spacer\">\n\t\t\t<div class=\"elementor-spacer-inner\"><\/div>\n\t\t<\/div>\n\t\t\t\t\t\t<\/div>\n\t\t\t\t<\/div>\n\t\t\t\t\t<\/div>\n\t\t<\/div>\n\t\t\t\t\t<\/div>\n\t\t<\/section>\n\t\t\t\t<\/div>\n\t\t","protected":false},"excerpt":{"rendered":"<p>Here you will find frequently asked questions to provide you with lots of information about the Austrian Drumhead Company and perhaps save you the odd email inquiry. If questions are not answered here, please send me an e-mail or contact me by phone. I look forward to hearing from you! Austrian Drumhead Company Die Austrian [&hellip;]<\/p>\n","protected":false},"author":1,"featured_media":0,"parent":0,"menu_order":0,"comment_status":"closed","ping_status":"closed","template":"","meta":{"ocean_post_layout":"","ocean_both_sidebars_style":"","ocean_both_sidebars_content_width":0,"ocean_both_sidebars_sidebars_width":0,"ocean_sidebar":"0","ocean_second_sidebar":"0","ocean_disable_margins":"enable","ocean_add_body_class":"","ocean_shortcode_before_top_bar":"","ocean_shortcode_after_top_bar":"","ocean_shortcode_before_header":"","ocean_shortcode_after_header":"","ocean_has_shortcode":"","ocean_shortcode_after_title":"","ocean_shortcode_before_footer_widgets":"","ocean_shortcode_after_footer_widgets":"","ocean_shortcode_before_footer_bottom":"","ocean_shortcode_after_footer_bottom":"","ocean_display_top_bar":"default","ocean_display_header":"default","ocean_header_style":"","ocean_center_header_left_menu":"0","ocean_custom_header_template":"0","ocean_custom_logo":0,"ocean_custom_retina_logo":0,"ocean_custom_logo_max_width":0,"ocean_custom_logo_tablet_max_width":0,"ocean_custom_logo_mobile_max_width":0,"ocean_custom_logo_max_height":0,"ocean_custom_logo_tablet_max_height":0,"ocean_custom_logo_mobile_max_height":0,"ocean_header_custom_menu":"0","ocean_menu_typo_font_family":"0","ocean_menu_typo_font_subset":"","ocean_menu_typo_font_size":0,"ocean_menu_typo_font_size_tablet":0,"ocean_menu_typo_font_size_mobile":0,"ocean_menu_typo_font_size_unit":"px","ocean_menu_typo_font_weight":"","ocean_menu_typo_font_weight_tablet":"","ocean_menu_typo_font_weight_mobile":"","ocean_menu_typo_transform":"","ocean_menu_typo_transform_tablet":"","ocean_menu_typo_transform_mobile":"","ocean_menu_typo_line_height":0,"ocean_menu_typo_line_height_tablet":0,"ocean_menu_typo_line_height_mobile":0,"ocean_menu_typo_line_height_unit":"","ocean_menu_typo_spacing":0,"ocean_menu_typo_spacing_tablet":0,"ocean_menu_typo_spacing_mobile":0,"ocean_menu_typo_spacing_unit":"","ocean_menu_link_color":"","ocean_menu_link_color_hover":"","ocean_menu_link_color_active":"","ocean_menu_link_background":"","ocean_menu_link_hover_background":"","ocean_menu_link_active_background":"","ocean_menu_social_links_bg":"","ocean_menu_social_hover_links_bg":"","ocean_menu_social_links_color":"","ocean_menu_social_hover_links_color":"","ocean_disable_title":"default","ocean_disable_heading":"default","ocean_post_title":"","ocean_post_subheading":"","ocean_post_title_style":"","ocean_post_title_background_color":"","ocean_post_title_background":0,"ocean_post_title_bg_image_position":"","ocean_post_title_bg_image_attachment":"","ocean_post_title_bg_image_repeat":"","ocean_post_title_bg_image_size":"","ocean_post_title_height":0,"ocean_post_title_bg_overlay":0.5,"ocean_post_title_bg_overlay_color":"","ocean_disable_breadcrumbs":"default","ocean_breadcrumbs_color":"","ocean_breadcrumbs_separator_color":"","ocean_breadcrumbs_links_color":"","ocean_breadcrumbs_links_hover_color":"","ocean_display_footer_widgets":"default","ocean_display_footer_bottom":"default","ocean_custom_footer_template":"0","footnotes":""},"class_list":["post-1940","page","type-page","status-publish","hentry","entry","owp-thumbs-layout-horizontal","owp-btn-normal","owp-tabs-layout-horizontal","has-no-thumbnails","has-product-nav"],"yoast_head":"<!-- This site is optimized with the Yoast SEO plugin v27.3 - https:\/\/yoast.com\/product\/yoast-seo-wordpress\/ -->\n<title>FAQ - Frequently asked questions about drumheads &amp; care | Austrian Drumhead Company<\/title>\n<meta name=\"description\" content=\"Find answers to frequently asked questions about drumheads, care, material &amp; sound. Everything about Kalbfell drumheads &amp; more - read the FAQs now!\" \/>\n<meta name=\"robots\" content=\"index, follow, max-snippet:-1, max-image-preview:large, max-video-preview:-1\" \/>\n<link rel=\"canonical\" href=\"https:\/\/austriandrumheadcompany.at\/en\/faq\/\" \/>\n<meta property=\"og:locale\" content=\"en_US\" \/>\n<meta property=\"og:type\" content=\"article\" \/>\n<meta property=\"og:title\" content=\"FAQ - Frequently asked questions about drumheads &amp; care | Austrian Drumhead Company\" \/>\n<meta property=\"og:description\" content=\"Find answers to frequently asked questions about drumheads, care, material &amp; sound. Everything about Kalbfell drumheads &amp; more - read the FAQs now!\" \/>\n<meta property=\"og:url\" content=\"https:\/\/austriandrumheadcompany.at\/en\/faq\/\" \/>\n<meta property=\"og:site_name\" content=\"BLOGExperience\" \/>\n<meta property=\"article:publisher\" content=\"https:\/\/www.facebook.com\/austriandrumheadcompany\/\" \/>\n<meta property=\"article:modified_time\" content=\"2025-02-19T11:23:24+00:00\" \/>\n<meta name=\"twitter:card\" content=\"summary_large_image\" \/>\n<meta name=\"twitter:label1\" content=\"Est. reading time\" \/>\n\t<meta name=\"twitter:data1\" content=\"2 minutes\" \/>\n<script type=\"application\/ld+json\" class=\"yoast-schema-graph\">{\"@context\":\"https:\\\/\\\/schema.org\",\"@graph\":[{\"@type\":\"WebPage\",\"@id\":\"https:\\\/\\\/austriandrumheadcompany.at\\\/en\\\/faq\\\/\",\"url\":\"https:\\\/\\\/austriandrumheadcompany.at\\\/en\\\/faq\\\/\",\"name\":\"FAQ - Frequently asked questions about drumheads & care | Austrian Drumhead Company\",\"isPartOf\":{\"@id\":\"https:\\\/\\\/austriandrumheadcompany.at\\\/en\\\/#website\"},\"datePublished\":\"2021-06-12T13:42:59+00:00\",\"dateModified\":\"2025-02-19T11:23:24+00:00\",\"description\":\"Find answers to frequently asked questions about drumheads, care, material & sound. Everything about Kalbfell drumheads & more - read the FAQs now!\",\"breadcrumb\":{\"@id\":\"https:\\\/\\\/austriandrumheadcompany.at\\\/en\\\/faq\\\/#breadcrumb\"},\"inLanguage\":\"en-US\",\"potentialAction\":[{\"@type\":\"ReadAction\",\"target\":[\"https:\\\/\\\/austriandrumheadcompany.at\\\/en\\\/faq\\\/\"]}]},{\"@type\":\"BreadcrumbList\",\"@id\":\"https:\\\/\\\/austriandrumheadcompany.at\\\/en\\\/faq\\\/#breadcrumb\",\"itemListElement\":[{\"@type\":\"ListItem\",\"position\":1,\"name\":\"Startseite\",\"item\":\"https:\\\/\\\/austriandrumheadcompany.at\\\/en\\\/about-the-austrian-drumhead-company\\\/\"},{\"@type\":\"ListItem\",\"position\":2,\"name\":\"FAQ\"}]},{\"@type\":\"WebSite\",\"@id\":\"https:\\\/\\\/austriandrumheadcompany.at\\\/en\\\/#website\",\"url\":\"https:\\\/\\\/austriandrumheadcompany.at\\\/en\\\/\",\"name\":\"BLOGExperience\",\"description\":\"UPGRADE YOUR SOUND!\",\"publisher\":{\"@id\":\"https:\\\/\\\/austriandrumheadcompany.at\\\/en\\\/#organization\"},\"potentialAction\":[{\"@type\":\"SearchAction\",\"target\":{\"@type\":\"EntryPoint\",\"urlTemplate\":\"https:\\\/\\\/austriandrumheadcompany.at\\\/en\\\/?s={search_term_string}\"},\"query-input\":{\"@type\":\"PropertyValueSpecification\",\"valueRequired\":true,\"valueName\":\"search_term_string\"}}],\"inLanguage\":\"en-US\"},{\"@type\":\"Organization\",\"@id\":\"https:\\\/\\\/austriandrumheadcompany.at\\\/en\\\/#organization\",\"name\":\"BLOGExperience\",\"url\":\"https:\\\/\\\/austriandrumheadcompany.at\\\/en\\\/\",\"logo\":{\"@type\":\"ImageObject\",\"inLanguage\":\"en-US\",\"@id\":\"https:\\\/\\\/austriandrumheadcompany.at\\\/en\\\/#\\\/schema\\\/logo\\\/image\\\/\",\"url\":\"https:\\\/\\\/austriandrumheadcompany.at\\\/wp-content\\\/uploads\\\/2021\\\/07\\\/cropped-Austrian-Drumhead-Company-e1660602877717.png\",\"contentUrl\":\"https:\\\/\\\/austriandrumheadcompany.at\\\/wp-content\\\/uploads\\\/2021\\\/07\\\/cropped-Austrian-Drumhead-Company-e1660602877717.png\",\"width\":6764,\"height\":4830,\"caption\":\"BLOGExperience\"},\"image\":{\"@id\":\"https:\\\/\\\/austriandrumheadcompany.at\\\/en\\\/#\\\/schema\\\/logo\\\/image\\\/\"},\"sameAs\":[\"https:\\\/\\\/www.facebook.com\\\/austriandrumheadcompany\\\/\",\"https:\\\/\\\/www.instagram.com\\\/austrian_drumhead_company\\\/\",\"https:\\\/\\\/www.linkedin.com\\\/in\\\/austrian-drumhead-company-5095662b5\\\/\"]}]}<\/script>\n<!-- \/ Yoast SEO plugin. -->","yoast_head_json":{"title":"FAQ - Frequently asked questions about drumheads & care | Austrian Drumhead Company","description":"Find answers to frequently asked questions about drumheads, care, material & sound. Everything about Kalbfell drumheads & more - read the FAQs now!","robots":{"index":"index","follow":"follow","max-snippet":"max-snippet:-1","max-image-preview":"max-image-preview:large","max-video-preview":"max-video-preview:-1"},"canonical":"https:\/\/austriandrumheadcompany.at\/en\/faq\/","og_locale":"en_US","og_type":"article","og_title":"FAQ - Frequently asked questions about drumheads & care | Austrian Drumhead Company","og_description":"Find answers to frequently asked questions about drumheads, care, material & sound. Everything about Kalbfell drumheads & more - read the FAQs now!","og_url":"https:\/\/austriandrumheadcompany.at\/en\/faq\/","og_site_name":"BLOGExperience","article_publisher":"https:\/\/www.facebook.com\/austriandrumheadcompany\/","article_modified_time":"2025-02-19T11:23:24+00:00","twitter_card":"summary_large_image","twitter_misc":{"Est. reading time":"2 minutes"},"schema":{"@context":"https:\/\/schema.org","@graph":[{"@type":"WebPage","@id":"https:\/\/austriandrumheadcompany.at\/en\/faq\/","url":"https:\/\/austriandrumheadcompany.at\/en\/faq\/","name":"FAQ - Frequently asked questions about drumheads & care | Austrian Drumhead Company","isPartOf":{"@id":"https:\/\/austriandrumheadcompany.at\/en\/#website"},"datePublished":"2021-06-12T13:42:59+00:00","dateModified":"2025-02-19T11:23:24+00:00","description":"Find answers to frequently asked questions about drumheads, care, material & sound. Everything about Kalbfell drumheads & more - read the FAQs now!","breadcrumb":{"@id":"https:\/\/austriandrumheadcompany.at\/en\/faq\/#breadcrumb"},"inLanguage":"en-US","potentialAction":[{"@type":"ReadAction","target":["https:\/\/austriandrumheadcompany.at\/en\/faq\/"]}]},{"@type":"BreadcrumbList","@id":"https:\/\/austriandrumheadcompany.at\/en\/faq\/#breadcrumb","itemListElement":[{"@type":"ListItem","position":1,"name":"Startseite","item":"https:\/\/austriandrumheadcompany.at\/en\/about-the-austrian-drumhead-company\/"},{"@type":"ListItem","position":2,"name":"FAQ"}]},{"@type":"WebSite","@id":"https:\/\/austriandrumheadcompany.at\/en\/#website","url":"https:\/\/austriandrumheadcompany.at\/en\/","name":"BLOGExperience","description":"UPGRADE YOUR SOUND!","publisher":{"@id":"https:\/\/austriandrumheadcompany.at\/en\/#organization"},"potentialAction":[{"@type":"SearchAction","target":{"@type":"EntryPoint","urlTemplate":"https:\/\/austriandrumheadcompany.at\/en\/?s={search_term_string}"},"query-input":{"@type":"PropertyValueSpecification","valueRequired":true,"valueName":"search_term_string"}}],"inLanguage":"en-US"},{"@type":"Organization","@id":"https:\/\/austriandrumheadcompany.at\/en\/#organization","name":"BLOGExperience","url":"https:\/\/austriandrumheadcompany.at\/en\/","logo":{"@type":"ImageObject","inLanguage":"en-US","@id":"https:\/\/austriandrumheadcompany.at\/en\/#\/schema\/logo\/image\/","url":"https:\/\/austriandrumheadcompany.at\/wp-content\/uploads\/2021\/07\/cropped-Austrian-Drumhead-Company-e1660602877717.png","contentUrl":"https:\/\/austriandrumheadcompany.at\/wp-content\/uploads\/2021\/07\/cropped-Austrian-Drumhead-Company-e1660602877717.png","width":6764,"height":4830,"caption":"BLOGExperience"},"image":{"@id":"https:\/\/austriandrumheadcompany.at\/en\/#\/schema\/logo\/image\/"},"sameAs":["https:\/\/www.facebook.com\/austriandrumheadcompany\/","https:\/\/www.instagram.com\/austrian_drumhead_company\/","https:\/\/www.linkedin.com\/in\/austrian-drumhead-company-5095662b5\/"]}]}},"_links":{"self":[{"href":"https:\/\/austriandrumheadcompany.at\/en\/wp-json\/wp\/v2\/pages\/1940","targetHints":{"allow":["GET"]}}],"collection":[{"href":"https:\/\/austriandrumheadcompany.at\/en\/wp-json\/wp\/v2\/pages"}],"about":[{"href":"https:\/\/austriandrumheadcompany.at\/en\/wp-json\/wp\/v2\/types\/page"}],"author":[{"embeddable":true,"href":"https:\/\/austriandrumheadcompany.at\/en\/wp-json\/wp\/v2\/users\/1"}],"replies":[{"embeddable":true,"href":"https:\/\/austriandrumheadcompany.at\/en\/wp-json\/wp\/v2\/comments?post=1940"}],"version-history":[{"count":6,"href":"https:\/\/austriandrumheadcompany.at\/en\/wp-json\/wp\/v2\/pages\/1940\/revisions"}],"predecessor-version":[{"id":4711,"href":"https:\/\/austriandrumheadcompany.at\/en\/wp-json\/wp\/v2\/pages\/1940\/revisions\/4711"}],"wp:attachment":[{"href":"https:\/\/austriandrumheadcompany.at\/en\/wp-json\/wp\/v2\/media?parent=1940"}],"curies":[{"name":"wp","href":"https:\/\/api.w.org\/{rel}","templated":true}]}}